{"id":1520,"date":"2019-04-28T23:29:20","date_gmt":"2019-04-28T20:29:20","guid":{"rendered":"https:\/\/www.kemalarikan.com\/?page_id=1520"},"modified":"2025-04-04T10:12:22","modified_gmt":"2025-04-04T07:12:22","slug":"deep-tms","status":"publish","type":"page","link":"https:\/\/www.kemalarikan.com\/ar\/deep-tms","title":{"rendered":"(TMS) \u0627\u0644\u0639\u0644\u0627\u062c \u0628\u0627\u0644\u062a\u062d\u0641\u064a\u0632 \u0627\u0644\u0645\u063a\u0646\u0627\u0637\u064a\u0633\u064a \u0627\u0644\u0639\u0645\u064a\u0642 \u0644\u0644\u062f\u0645\u0627\u063a"},"content":{"rendered":"","protected":false},"excerpt":{"rendered":"","protected":false},"author":2,"featured_media":0,"parent":0,"menu_order":0,"comment_status":"closed","ping_status":"closed","template":"page-deep-tms.php","meta":{"_acf_changed":false,"footnotes":""},"class_list":["post-1520","page","type-page","status-publish","hentry"],"acf":[],"yoast_head":"<!-- This site is optimized with the Yoast SEO plugin v27.1.1 - https:\/\/yoast.com\/product\/yoast-seo-wordpress\/ -->\n<title>(TMS) \u0627\u0644\u0639\u0644\u0627\u062c \u0628\u0627\u0644\u062a\u062d\u0641\u064a\u0632 \u0627\u0644\u0645\u063a\u0646\u0627\u0637\u064a\u0633\u064a \u0627\u0644\u0639\u0645\u064a\u0642 \u0644\u0644\u062f\u0645\u0627\u063a<\/title>\n<meta name=\"description\" content=\"\u0627\u0644\u0639\u0644\u0627\u062c \u0628\u0627\u0644\u062a\u062d\u0641\u064a\u0632 \u0627\u0644\u0645\u063a\u0646\u0627\u0637\u064a\u0633\u064a \u0627\u0644\u0639\u0645\u064a\u0642 \u0644\u0644\u062f\u0645\u0627\u063a - \u0639\u0644\u0627\u062c \u0627\u0636\u0637\u0631\u0627\u0628 \u0627\u0644\u0647\u0644\u0639, \u0639\u0644\u0627\u062c \u0645\u0631\u0636 \u0627\u0644\u062a\u0648\u062d\u062f, \u0639\u0644\u0627\u062c \u0627\u0644\u0641\u0635\u0627\u0645, \u0639\u0644\u0627\u062c \u0645\u0631\u0636 \u0627\u0644\u0632\u0647\u0627\u064a\u0645\u0631, \u0639\u0644\u0627\u062c \u0627\u0644\u0627\u0643\u062a\u0626\u0627\u0628, \u0639\u0644\u0627\u062c \u0627\u0644\u0627\u0636\u0637\u0631\u0627\u0628 \u0627\u0644\u062b\u0646\u0627\u0626\u064a \u0627\u0644\u0642\u0637\u0628\" \/>\n<meta name=\"robots\" content=\"index, follow, max-snippet:-1, max-image-preview:large, max-video-preview:-1\" \/>\n<link rel=\"canonical\" href=\"https:\/\/www.kemalarikan.com\/ar\/deep-tms\" \/>\n<meta property=\"og:locale\" content=\"ar_AR\" \/>\n<meta property=\"og:type\" content=\"article\" \/>\n<meta property=\"og:title\" content=\"(TMS) \u0627\u0644\u0639\u0644\u0627\u062c \u0628\u0627\u0644\u062a\u062d\u0641\u064a\u0632 \u0627\u0644\u0645\u063a\u0646\u0627\u0637\u064a\u0633\u064a \u0627\u0644\u0639\u0645\u064a\u0642 \u0644\u0644\u062f\u0645\u0627\u063a\" \/>\n<meta property=\"og:description\" content=\"\u0627\u0644\u0639\u0644\u0627\u062c \u0628\u0627\u0644\u062a\u062d\u0641\u064a\u0632 \u0627\u0644\u0645\u063a\u0646\u0627\u0637\u064a\u0633\u064a \u0627\u0644\u0639\u0645\u064a\u0642 \u0644\u0644\u062f\u0645\u0627\u063a - \u0639\u0644\u0627\u062c \u0627\u0636\u0637\u0631\u0627\u0628 \u0627\u0644\u0647\u0644\u0639, \u0639\u0644\u0627\u062c \u0645\u0631\u0636 \u0627\u0644\u062a\u0648\u062d\u062f, \u0639\u0644\u0627\u062c \u0627\u0644\u0641\u0635\u0627\u0645, \u0639\u0644\u0627\u062c \u0645\u0631\u0636 \u0627\u0644\u0632\u0647\u0627\u064a\u0645\u0631, \u0639\u0644\u0627\u062c \u0627\u0644\u0627\u0643\u062a\u0626\u0627\u0628, \u0639\u0644\u0627\u062c \u0627\u0644\u0627\u0636\u0637\u0631\u0627\u0628 \u0627\u0644\u062b\u0646\u0627\u0626\u064a \u0627\u0644\u0642\u0637\u0628\" \/>\n<meta property=\"og:url\" content=\"https:\/\/www.kemalarikan.com\/ar\/deep-tms\" \/>\n<meta property=\"og:site_name\" content=\"Psikiyatri Uzman\u0131 Prof. Dr. Kemal Ar\u0131kan\" \/>\n<meta property=\"article:modified_time\" content=\"2025-04-04T07:12:22+00:00\" \/>\n<meta property=\"og:image\" content=\"https:\/\/www.kemalarikan.com\/wp-content\/uploads\/2022\/04\/prof-dr-kemal-arikan-psikiyatrist.jpg\" \/>\n\t<meta property=\"og:image:width\" content=\"1280\" \/>\n\t<meta property=\"og:image:height\" content=\"720\" \/>\n\t<meta property=\"og:image:type\" content=\"image\/jpeg\" \/>\n<meta name=\"twitter:card\" content=\"summary_large_image\" \/>\n<meta name=\"twitter:site\" content=\"@mkemalarikan\" \/>\n<!-- \/ Yoast SEO plugin. -->","yoast_head_json":{"title":"(TMS) \u0627\u0644\u0639\u0644\u0627\u062c \u0628\u0627\u0644\u062a\u062d\u0641\u064a\u0632 \u0627\u0644\u0645\u063a\u0646\u0627\u0637\u064a\u0633\u064a \u0627\u0644\u0639\u0645\u064a\u0642 \u0644\u0644\u062f\u0645\u0627\u063a","description":"\u0627\u0644\u0639\u0644\u0627\u062c \u0628\u0627\u0644\u062a\u062d\u0641\u064a\u0632 \u0627\u0644\u0645\u063a\u0646\u0627\u0637\u064a\u0633\u064a \u0627\u0644\u0639\u0645\u064a\u0642 \u0644\u0644\u062f\u0645\u0627\u063a - \u0639\u0644\u0627\u062c \u0627\u0636\u0637\u0631\u0627\u0628 \u0627\u0644\u0647\u0644\u0639, \u0639\u0644\u0627\u062c \u0645\u0631\u0636 \u0627\u0644\u062a\u0648\u062d\u062f, \u0639\u0644\u0627\u062c \u0627\u0644\u0641\u0635\u0627\u0645, \u0639\u0644\u0627\u062c \u0645\u0631\u0636 \u0627\u0644\u0632\u0647\u0627\u064a\u0645\u0631, \u0639\u0644\u0627\u062c \u0627\u0644\u0627\u0643\u062a\u0626\u0627\u0628, \u0639\u0644\u0627\u062c \u0627\u0644\u0627\u0636\u0637\u0631\u0627\u0628 \u0627\u0644\u062b\u0646\u0627\u0626\u064a \u0627\u0644\u0642\u0637\u0628","robots":{"index":"index","follow":"follow","max-snippet":"max-snippet:-1","max-image-preview":"max-image-preview:large","max-video-preview":"max-video-preview:-1"},"canonical":"https:\/\/www.kemalarikan.com\/ar\/deep-tms","og_locale":"ar_AR","og_type":"article","og_title":"(TMS) \u0627\u0644\u0639\u0644\u0627\u062c \u0628\u0627\u0644\u062a\u062d\u0641\u064a\u0632 \u0627\u0644\u0645\u063a\u0646\u0627\u0637\u064a\u0633\u064a \u0627\u0644\u0639\u0645\u064a\u0642 \u0644\u0644\u062f\u0645\u0627\u063a","og_description":"\u0627\u0644\u0639\u0644\u0627\u062c \u0628\u0627\u0644\u062a\u062d\u0641\u064a\u0632 \u0627\u0644\u0645\u063a\u0646\u0627\u0637\u064a\u0633\u064a \u0627\u0644\u0639\u0645\u064a\u0642 \u0644\u0644\u062f\u0645\u0627\u063a - \u0639\u0644\u0627\u062c \u0627\u0636\u0637\u0631\u0627\u0628 \u0627\u0644\u0647\u0644\u0639, \u0639\u0644\u0627\u062c \u0645\u0631\u0636 \u0627\u0644\u062a\u0648\u062d\u062f, \u0639\u0644\u0627\u062c \u0627\u0644\u0641\u0635\u0627\u0645, \u0639\u0644\u0627\u062c \u0645\u0631\u0636 \u0627\u0644\u0632\u0647\u0627\u064a\u0645\u0631, \u0639\u0644\u0627\u062c \u0627\u0644\u0627\u0643\u062a\u0626\u0627\u0628, \u0639\u0644\u0627\u062c \u0627\u0644\u0627\u0636\u0637\u0631\u0627\u0628 \u0627\u0644\u062b\u0646\u0627\u0626\u064a \u0627\u0644\u0642\u0637\u0628","og_url":"https:\/\/www.kemalarikan.com\/ar\/deep-tms","og_site_name":"Psikiyatri Uzman\u0131 Prof. Dr. Kemal Ar\u0131kan","article_modified_time":"2025-04-04T07:12:22+00:00","og_image":[{"width":1280,"height":720,"url":"https:\/\/www.kemalarikan.com\/wp-content\/uploads\/2022\/04\/prof-dr-kemal-arikan-psikiyatrist.jpg","type":"image\/jpeg"}],"twitter_card":"summary_large_image","twitter_site":"@mkemalarikan","schema":{"@context":"https:\/\/schema.org","@graph":[{"@type":"WebPage","@id":"https:\/\/www.kemalarikan.com\/ar\/deep-tms","url":"https:\/\/www.kemalarikan.com\/ar\/deep-tms","name":"(TMS) \u0627\u0644\u0639\u0644\u0627\u062c \u0628\u0627\u0644\u062a\u062d\u0641\u064a\u0632 \u0627\u0644\u0645\u063a\u0646\u0627\u0637\u064a\u0633\u064a \u0627\u0644\u0639\u0645\u064a\u0642 \u0644\u0644\u062f\u0645\u0627\u063a","isPartOf":{"@id":"https:\/\/www.kemalarikan.com\/#website"},"datePublished":"2019-04-28T20:29:20+00:00","dateModified":"2025-04-04T07:12:22+00:00","description":"\u0627\u0644\u0639\u0644\u0627\u062c \u0628\u0627\u0644\u062a\u062d\u0641\u064a\u0632 \u0627\u0644\u0645\u063a\u0646\u0627\u0637\u064a\u0633\u064a \u0627\u0644\u0639\u0645\u064a\u0642 \u0644\u0644\u062f\u0645\u0627\u063a - \u0639\u0644\u0627\u062c \u0627\u0636\u0637\u0631\u0627\u0628 \u0627\u0644\u0647\u0644\u0639, \u0639\u0644\u0627\u062c \u0645\u0631\u0636 \u0627\u0644\u062a\u0648\u062d\u062f, \u0639\u0644\u0627\u062c \u0627\u0644\u0641\u0635\u0627\u0645, \u0639\u0644\u0627\u062c \u0645\u0631\u0636 \u0627\u0644\u0632\u0647\u0627\u064a\u0645\u0631, \u0639\u0644\u0627\u062c \u0627\u0644\u0627\u0643\u062a\u0626\u0627\u0628, \u0639\u0644\u0627\u062c \u0627\u0644\u0627\u0636\u0637\u0631\u0627\u0628 \u0627\u0644\u062b\u0646\u0627\u0626\u064a \u0627\u0644\u0642\u0637\u0628","breadcrumb":{"@id":"https:\/\/www.kemalarikan.com\/ar\/deep-tms#breadcrumb"},"inLanguage":"ar","potentialAction":[{"@type":"ReadAction","target":["https:\/\/www.kemalarikan.com\/ar\/deep-tms"]}]},{"@type":"BreadcrumbList","@id":"https:\/\/www.kemalarikan.com\/ar\/deep-tms#breadcrumb","itemListElement":[{"@type":"ListItem","position":1,"name":"","item":"https:\/\/www.kemalarikan.com\/"},{"@type":"ListItem","position":2,"name":"(TMS) \u0627\u0644\u0639\u0644\u0627\u062c \u0628\u0627\u0644\u062a\u062d\u0641\u064a\u0632 \u0627\u0644\u0645\u063a\u0646\u0627\u0637\u064a\u0633\u064a \u0627\u0644\u0639\u0645\u064a\u0642 \u0644\u0644\u062f\u0645\u0627\u063a"}]},{"@type":"WebSite","@id":"https:\/\/www.kemalarikan.com\/#website","url":"https:\/\/www.kemalarikan.com\/","name":"Psikiyatri Uzman\u0131 Prof. Dr. Kemal Ar\u0131kan","description":"Psikiyatri Uzman\u0131 Prof. Dr. Kemal Ar\u0131kan&#039;\u0131n yaz\u0131lar\u0131, makaleleri, yay\u0131nlar\u0131 ve videolar\u0131n\u0131n yay\u0131nland\u0131\u011f\u0131 ki\u015fisel internet sitesi","publisher":{"@id":"https:\/\/www.kemalarikan.com\/#\/schema\/person\/ed5846493e944ac3b050dff36772fdc8"},"potentialAction":[{"@type":"SearchAction","target":{"@type":"EntryPoint","urlTemplate":"https:\/\/www.kemalarikan.com\/?s={search_term_string}"},"query-input":{"@type":"PropertyValueSpecification","valueRequired":true,"valueName":"search_term_string"}}],"inLanguage":"ar"},{"@type":["Person","Organization"],"@id":"https:\/\/www.kemalarikan.com\/#\/schema\/person\/ed5846493e944ac3b050dff36772fdc8","name":"Kemal Ar\u0131kan","image":{"@type":"ImageObject","inLanguage":"ar","@id":"https:\/\/www.kemalarikan.com\/#\/schema\/person\/image\/","url":"https:\/\/www.kemalarikan.com\/wp-content\/uploads\/2022\/04\/prof-dr-kemal-arikan-psikiyatrist.jpg","contentUrl":"https:\/\/www.kemalarikan.com\/wp-content\/uploads\/2022\/04\/prof-dr-kemal-arikan-psikiyatrist.jpg","width":1280,"height":720,"caption":"Kemal Ar\u0131kan"},"logo":{"@id":"https:\/\/www.kemalarikan.com\/#\/schema\/person\/image\/"},"sameAs":["https:\/\/www.kemalarikan.com\/"]}]}},"_links":{"self":[{"href":"https:\/\/www.kemalarikan.com\/ar\/wp-json\/wp\/v2\/pages\/1520","targetHints":{"allow":["GET"]}}],"collection":[{"href":"https:\/\/www.kemalarikan.com\/ar\/wp-json\/wp\/v2\/pages"}],"about":[{"href":"https:\/\/www.kemalarikan.com\/ar\/wp-json\/wp\/v2\/types\/page"}],"author":[{"embeddable":true,"href":"https:\/\/www.kemalarikan.com\/ar\/wp-json\/wp\/v2\/users\/2"}],"replies":[{"embeddable":true,"href":"https:\/\/www.kemalarikan.com\/ar\/wp-json\/wp\/v2\/comments?post=1520"}],"version-history":[{"count":0,"href":"https:\/\/www.kemalarikan.com\/ar\/wp-json\/wp\/v2\/pages\/1520\/revisions"}],"wp:attachment":[{"href":"https:\/\/www.kemalarikan.com\/ar\/wp-json\/wp\/v2\/media?parent=1520"}],"curies":[{"name":"wp","href":"https:\/\/api.w.org\/{rel}","templated":true}]}}