{"id":1841,"date":"2012-04-30T00:10:50","date_gmt":"2012-04-29T21:10:50","guid":{"rendered":"https:\/\/www.kemalarikan.com\/akademik-psikiyatri-psikoterapi-merkezi"},"modified":"2021-04-14T13:37:09","modified_gmt":"2021-04-14T10:37:09","slug":"markazuna","status":"publish","type":"page","link":"https:\/\/www.kemalarikan.com\/ar\/markazuna","title":{"rendered":"\u0645\u0631\u0643\u0632\u0646\u0627"},"content":{"rendered":"<p><img loading=\"lazy\" decoding=\"async\" class=\"wp-image-170 aligncenter\" title=\"AKADEM\u0130K Psikiyatri ve Psikoterapi Merkezi\" src=\"https:\/\/www.kemalarikan.com\/wp-content\/uploads\/2021\/01\/akademik-psikiyatri-psikoterapi-merkezi-1.jpg\" alt=\"\" width=\"1280\" height=\"720\" \/><\/p>\n<h2 class=\"page-sub-title\">\u0627\u0644\u0645\u0631\u0643\u0632 \u0627\u0644\u0623\u0643\u0627\u062f\u064a\u0645\u064a \u0644\u0644\u0637\u0628 \u0627\u0644\u0646\u0641\u0633\u064a \u0648\u0627\u0644\u0639\u0644\u0627\u062c \u0627\u0644\u0646\u0641\u0633\u064a<\/h2>\n<h3>\u0627\u0644\u062e\u062f\u0645\u0627\u062a \u0627\u0644\u062a\u064a \u0646\u0642\u062f\u0645\u0647\u0627<\/h3>\n<p>\u064a\u0647\u062f\u0641 \u0627\u0644\u0645\u0631\u0643\u0632 \u0627\u0644\u0623\u0643\u0627\u062f\u064a\u0645\u064a \u0644\u0644\u0637\u0628 \u0627\u0644\u0646\u0641\u0633\u064a \u0648\u0627\u0644\u0639\u0644\u0627\u062c \u0627\u0644\u0646\u0641\u0633\u064a \u0625\u0644\u0649 \u0639\u0644\u0627\u062c \u0627\u0644\u0639\u062f\u064a\u062f \u0645\u0646 \u0627\u0644\u0645\u0634\u0643\u0644\u0627\u062a \u0627\u0644\u0646\u0641\u0633\u064a\u0629.<\/p>\n<p><strong>\u0627\u0647\u062a\u0645\u0627\u0645\u0627\u062a\u0646\u0627 \u0627\u0644\u0631\u0626\u064a\u0633\u064a\u0629<\/strong><br \/>\n\u25cf \u0627\u0636\u0637\u0631\u0627\u0628\u0627\u062a \u0627\u0644\u0642\u0644\u0642 \u0627\u0644\u0645\u0631\u0636\u064a\u0629 : \u0627\u0636\u0637\u0631\u0627\u0628\u0627\u062a \u0627\u0644\u0647\u0644\u0639\u060c \u0648\u0627\u0636\u0637\u0631\u0627\u0628\u0627\u062a \u0627\u0644\u0631\u0647\u0627\u0628 ( \u0627\u0644\u062e\u0648\u0641 \u0627\u0644\u0645\u0631\u0636\u064a)\u060c \u0648\u0627\u0636\u0637\u0631\u0627\u0628\u0627\u062a \u0627\u0644\u0642\u0644\u0642 \u0627\u0644\u0634\u0627\u0626\u0639\u0629\u060c \u0648\u0627\u0644\u0631\u0647\u0627\u0628 \u0627\u0644\u0627\u062c\u062a\u0645\u0627\u0639\u064a( \u0627\u0644\u0639\u0632\u0648\u0641 \u0627\u0644\u0627\u062c\u062a\u0645\u0627\u0639\u064a)<br \/>\n\u25cf \u0647\u0648\u0627\u062c\u0633 \u0627\u0644\u0633\u0644\u0648\u0643\u064a\u0627\u062a \u0627\u0644\u0645\u0643\u0631\u0631\u0629 (\u0627\u0644\u0623\u0641\u0639\u0627\u0644 \u0627\u0644\u0642\u0647\u0631\u064a\u0629): \u0627\u0644\u0648\u0633\u0648\u0627\u0633 \u0627\u0644\u0642\u0647\u0631\u064a \u0627\u0644\u0639\u0635\u0627\u0628\u064a \u0648\u0627\u0644\u062d\u0627\u0644\u0627\u062a \u0627\u0644\u0645\u062a\u0639\u0644\u0642\u0629 \u0628\u0647<br \/>\n\u25cf \u0627\u0636\u0637\u0631\u0627\u0628\u0627\u062a \u0627\u0644\u0645\u0632\u0627\u062c: \u0627\u0644\u0627\u0643\u062a\u0626\u0627\u0628 \u0648\u0627\u0644\u0647\u0648\u0633 \u0627\u0644\u0627\u0643\u062a\u0626\u0627\u0628\u064a \u0648\u0627\u0644\u0627\u0636\u0637\u0631\u0627\u0628 \u0627\u0644\u062b\u0646\u0627\u0626\u064a \u0627\u0644\u0642\u0637\u0628<br \/>\n\u25cf \u0627\u0644\u0627\u0636\u0637\u0631\u0627\u0628\u0627\u062a \u0627\u0644\u0630\u0647\u0627\u0646\u064a\u0629 : \u0627\u0644\u0641\u0635\u0627\u0645 \u0648\u0627\u0644\u062d\u0627\u0644\u0627\u062a \u0627\u0644\u0645\u062a\u0639\u0644\u0642\u0629 \u0628\u0647 \u0648\u0627\u0644\u0627\u0636\u0637\u0631\u0627\u0628 \u0627\u0644\u0648\u0647\u0627\u0645\u064a ( \u0627\u0644\u0636\u0644\u0627\u0644\u0627\u062a)\u060c \u0648\u062c\u0646\u0648\u0646 \u0627\u0644\u0639\u0638\u0645\u0629<br \/>\n\u25cf \u0627\u0636\u0637\u0631\u0627\u0628\u0627\u062a \u0627\u0644\u0633\u064a\u0637\u0631\u0629 \u0639\u0644\u0649 \u0627\u0644\u063a\u0636\u0628 \u0648\u0627\u0636\u0637\u0631\u0627\u0628\u0627\u062a \u0627\u0644\u0633\u064a\u0637\u0631\u0629 \u0639\u0644\u0649 \u0627\u0644\u062f\u0648\u0627\u0641\u0639 ( \u0627\u0644\u0627\u0636\u0637\u0631\u0627\u0628 \u0627\u0644\u0627\u0646\u0641\u062c\u0627\u0631\u064a)<br \/>\n\u25cf \u0627\u0644\u0637\u0628 \u0627\u0644\u0646\u0641\u0633\u064a \u0627\u0644\u0639\u0635\u0628\u064a: \u0645\u0631\u0636 \u0627\u0644\u0632\u0647\u0627\u064a\u0645\u0631 \u0648\u0623\u0633\u0628\u0627\u0628 \u0627\u0644\u062e\u0631\u0641 \u0627\u0644\u0623\u062e\u0631\u0649 \u0648\u0627\u0644\u0645\u0634\u0627\u0643\u0644 \u0627\u0644\u0633\u0644\u0648\u0643\u064a\u0629 \u0648\u0627\u0644\u0639\u0642\u0644\u064a\u0629 \u0648\u0627\u0644\u0623\u0645\u0631\u0627\u0636 \u0627\u0644\u0639\u0635\u0628\u064a\u0629 \u0627\u0644\u0645\u062e\u062a\u0644\u0641\u0629 \u0627\u0644\u0645\u0635\u0627\u062d\u0628\u0629 \u0644\u0633\u0646 \u0627\u0644\u0634\u064a\u062e\u0648\u062e\u0629<br \/>\n\u25cf \u0627\u0644\u0639\u0644\u0627\u062c \u0627\u0644\u0646\u0641\u0633\u064a \u0644\u062d\u0627\u0644\u0627\u062a \u0627\u0644\u0633\u0631\u0637\u0627\u0646<br \/>\n\u25cf \u0627\u0636\u0637\u0631\u0627\u0628\u0627\u062a \u0639\u0627\u062f\u0627\u062a \u0627\u0644\u0623\u0643\u0644: \u0641\u0642\u062f\u0627\u0646 \u0627\u0644\u0634\u0647\u064a\u0629 \u0627\u0644\u0639\u0635\u0628\u064a\u060c \u0648\u0627\u0644\u0634\u0631\u0647 \u0627\u0644\u0645\u0631\u0636\u064a \u0627\u0644\u0639\u0635\u0628\u064a\u060c \u0648\u0627\u0636\u0637\u0631\u0627\u0628 \u0646\u0647\u0645 \u0627\u0644\u0637\u0639\u0627\u0645<br \/>\n\u25cf \u0627\u0644\u0627\u0636\u0637\u0631\u0627\u0628\u0627\u062a \u0627\u0644\u0646\u0641\u0633\u064a\u0629 \u0627\u0644\u0645\u0631\u062a\u0628\u0637\u0629 \u0628\u0627\u0644\u062d\u0627\u0644\u0629 \u0627\u0644\u0637\u0628\u064a\u0629 ( \u0623\u0645\u0631\u0627\u0636 \u0646\u0641\u0633\u064a\u0629 \u0645\u062a\u0648\u0644\u062f\u0629 \u0639\u0646 \u0623\u0645\u0631\u0627\u0636 \u0628\u062f\u0646\u064a\u0629)<\/p>\n<p><strong>\u062a\u0634\u0645\u0644 \u0627\u0644\u0637\u0631\u0642 \u0627\u0644\u0645\u0633\u062a\u062e\u062f\u0645\u0629 \u0644\u062f\u064a\u0646\u0627 \u0641\u064a \u0639\u0644\u0627\u062c \u0627\u0644\u0623\u0645\u0631\u0627\u0636 \u0648\u0627\u0644\u0645\u0634\u0627\u0643\u0644 \u0627\u0644\u0646\u0641\u0633\u064a\u0629 \u0627\u0644\u0646\u0642\u0627\u0637 \u0627\u0644\u0645\u0648\u062c\u0632\u0629 \u0627\u0644\u062a\u0627\u0644\u064a\u0629:<\/strong><br \/>\n\u25cf \u0627\u0644\u0639\u0644\u0627\u062c \u0627\u0644\u0646\u0641\u0633\u064a \u0645\u0639 \u062a\u0642\u0646\u064a\u0629 \u0627\u0644\u062a\u062d\u0641\u064a\u0632 \u0627\u0644\u0645\u063a\u0646\u0627\u0637\u064a\u0633\u064a \u0639\u0628\u0631 \u0627\u0644\u062c\u0645\u062c\u0645\u0629 (TMS): \u064a\u062a\u0645 \u062a\u0637\u0628\u064a\u0642 \u062a\u062d\u0641\u064a\u0632 \u0627\u0644\u062f\u0645\u0627\u063a \u0645\u063a\u0646\u0627\u0637\u064a\u0633\u064a\u0627 TMS \u0641\u064a \u0639\u064a\u0627\u062f\u062a\u0646\u0627 \u0643\u0648\u0633\u064a\u0644\u0629 \u0639\u0644\u0627\u062c \u0645\u0628\u0646\u064a\u0629 \u0639\u0644\u0649 \u0627\u0644\u0641\u064a\u0632\u064a\u0648\u0644\u0648\u062c\u064a\u0627 \u0627\u0644\u0643\u0647\u0631\u0628\u064a\u0629.<br \/>\n\u25cf \u0627\u0644\u0645\u0646\u0647\u062c \u0627\u0644\u0637\u0628\u064a \u0627\u0644\u0623\u0633\u0627\u0633\u064a : \u0648\u0641\u0642\u064b\u0627 \u0644\u0646\u0641\u0633 \u0627\u0644\u0646\u0647\u062c \u0627\u0644\u0642\u0627\u0626\u0645 \u0639\u0644\u0649 \u0646\u0645\u0648\u0630\u062c \u0627\u0644\u0639\u0645\u0644 \u0627\u0644\u0637\u0628\u064a \u0627\u0644\u0642\u064a\u0627\u0633\u064a \u0646\u0646\u062a\u0647\u062c \u0646\u0641\u0633 \u0627\u0644\u0646\u0647\u062c \u0641\u064a \u0634\u0623\u0646 \u0627\u0644\u0635\u062d\u0629 \u0627\u0644\u0639\u0642\u0644\u064a\u0629\u060c \u0641\u0625\u0646 \u0643\u0644 \u0645\u0634\u0643\u0644\u0629 \u0645\u0646 \u0627\u0644\u0645\u0634\u0643\u0644\u0627\u062a \u0627\u0644\u0639\u0642\u0644\u064a\u0629 \u0648\u0627\u0644\u0633\u0644\u0648\u0643\u064a\u0629 \u0644\u0647\u0627 \u0645\u0627 \u064a\u0628\u0631\u0631\u0647\u0627 \u0641\u064a \u0646\u0633\u064a\u062c \u0627\u0644\u062f\u0645\u0627\u063a \u0627\u0644\u0628\u0634\u0631\u064a\u060c \u0648\u064a\u062a\u0645 \u0627\u0633\u062a\u062e\u062f\u0627\u0645 \u0627\u0644\u0639\u0644\u0627\u062c\u0627\u062a \u0627\u0644\u0646\u0641\u0633\u064a\u0629 \u0627\u0644\u062f\u0648\u0627\u0626\u064a\u0629 \u0648\u0627\u0644\u0639\u0644\u0627\u062c \u0627\u0644\u0628\u062f\u0646\u064a \u0627\u0644\u0623\u062e\u0631\u0649 \u0641\u064a \u0633\u064a\u0627\u0642 \u0647\u0630\u0627 \u0627\u0644\u0639\u0645\u0644.<br \/>\n\u25cf \u0627\u0644\u0639\u0644\u0627\u062c \u0627\u0644\u0633\u0644\u0648\u0643\u064a \u0627\u0644\u0645\u0639\u0631\u0641\u064a : \u0644\u062f\u064a\u0643 \u0627\u0644\u0641\u0631\u0635\u0629 \u0639\u0646\u062f \u062a\u0637\u0628\u064a\u0642 \u0627\u0644\u0639\u0644\u0627\u062c \u0627\u0644\u0646\u0641\u0633\u064a \u0647\u0630\u0627\u060c \u0644\u0645\u0631\u0627\u062c\u0639\u0629 \u0648\u062a\u0635\u062d\u064a\u062d \u0623\u0641\u0643\u0627\u0631\u0643 \u0648\u0633\u0644\u0648\u0643\u064a\u0627\u062a\u0643 \u0627\u0644\u0633\u0644\u0628\u064a\u0629 \u063a\u064a\u0631 \u0627\u0644\u0635\u062d\u064a\u0629 \u0648\u0627\u0644\u0633\u0644\u0648\u0643\u064a\u0629 \u0628\u0634\u0643\u0644 \u0645\u0646\u0647\u062c\u064a.<br \/>\n\u25cf \u062c\u0644\u0633\u0627\u062a \u0627\u0644\u0639\u0644\u0627\u062c \u0627\u0644\u062c\u0645\u0627\u0639\u064a : \u0646\u0647\u062f\u0641 \u0641\u064a \u0647\u0630\u0627 \u0627\u0644\u0646\u0648\u0639 \u0645\u0646 \u062c\u0644\u0633\u0627\u062a \u0627\u0644\u0639\u0644\u0627\u062c \u0627\u0644\u0646\u0641\u0633\u064a\u060c \u0625\u0644\u0649 \u0627\u0644\u062c\u0645\u0639 \u0628\u064a\u0646 \u0627\u0644\u0623\u0641\u0631\u0627\u062f \u0627\u0644\u0630\u064a\u0646 \u064a\u0639\u0627\u0646\u0648\u0646 \u0645\u0646 \u0646\u0641\u0633 \u0627\u0644\u0645\u0634\u0627\u0643\u0644 \u0627\u0644\u0646\u0641\u0633\u064a\u0629 \u0648\u0627\u0644\u062c\u0633\u062f\u064a\u0629 \u0627\u0644\u0645\u062a\u0645\u0627\u062b\u0644\u0629 \u0644\u062e\u0644\u0642 \u0646\u0648\u0639 \u0645\u0646 \u0628\u064a\u0626\u0629 \u0635\u062d\u064a\u0629 \u0644\u0644\u0645\u0646\u0627\u0642\u0634\u0629 \u0648\u0627\u0644\u062a\u0641\u0627\u0639\u0644.<\/p>\n<p><strong>\u0627\u0644\u062a\u0642\u0646\u064a\u0627\u062a \u0627\u0644\u0645\u0633\u0627\u0639\u062f\u0629 \u0627\u0644\u0645\u0633\u062a\u062e\u062f\u0645\u0629 \u0641\u064a \u0627\u0644\u062a\u0634\u062e\u064a\u0635 \u0648\u0627\u0644\u062a\u0634\u062e\u064a\u0635 \u0627\u0644\u062a\u0641\u0631\u064a\u0642\u064a \u0648\u0645\u062a\u0627\u0628\u0639\u0629 \u0627\u0644\u0627\u0636\u0637\u0631\u0627\u0628\u0627\u062a \u0627\u0644\u0646\u0641\u0633\u064a\u0629:<\/strong><br \/>\n\u25cf \u0627\u0644\u0641\u0627\u0631\u0645\u0627\u0643\u0648\u0644\u0648\u062c\u064a\u0627 \u0627\u0644\u062c\u064a\u0646\u064a\u0629 (\u0639\u0644\u0645 \u0627\u0644\u0648\u0631\u0627\u062b\u0629 \u0627\u0644\u062f\u0648\u0627\u0626\u064a)<br \/>\n\u25cf \u0631\u0633\u0627\u0645 \u0627\u0644\u0645\u062e \u0627\u0644\u0643\u0647\u0631\u0628\u064a \u0645\u0639 \u0627\u0644\u062a\u0646\u0633\u064a\u0642 \u0627\u0644\u062f\u0648\u0627\u0626\u064a<br \/>\n\u25cf \u062a\u062e\u0637\u064a\u0637 \u0627\u0644\u062f\u0645\u0627\u063a \u0627\u0644\u0631\u0648\u062a\u064a\u0646\u064a<br \/>\n\u25cf \u0627\u0644\u062a\u062e\u0637\u064a\u0637 \u0627\u0644\u062f\u0645\u0627\u063a\u064a \u0627\u0644\u0643\u0645\u064a (qEEG)<br \/>\n\u25cf \u0631\u0633\u0645 \u0627\u0644\u062e\u0631\u0627\u0626\u0637 \u0627\u0644\u062f\u0645\u0627\u063a\u064a\u0629<br \/>\n\u25cf \u0627\u062e\u062a\u0628\u0627\u0631\u0627\u062a \u0627\u0644\u0625\u062f\u0631\u0627\u0643 \u0627\u0644\u0639\u0635\u0628\u064a (\u0627\u0644\u0645\u0639\u0631\u0641\u064a)<br \/>\n\u25cf \u0627\u062e\u062a\u0628\u0627\u0631 \u0631\u0648\u0631\u0634\u0627\u0643 (Rorschach ) \u0644\u062a\u062d\u062f\u064a\u062f \u0627\u0644\u062e\u0644\u0644 \u0627\u0644\u0646\u0641\u0633\u064a<br \/>\n\u25cf \u0627\u062e\u062a\u0628\u0627\u0631 \u0645\u064a\u0646\u0648\u0633\u0648\u062a\u0627 \u0644\u062a\u062d\u0644\u064a\u0644 \u0627\u0644\u0634\u062e\u0635\u064a\u0629 \u0645\u062a\u0639\u062f\u062f \u0627\u0644\u0623\u0648\u062c\u0647 MMPI<\/p>\n<p>\u0646\u0631\u0639\u0649 \u0645\u062c\u0627\u0644\u0627 \u0648\u0627\u0633\u0639\u0627 \u0645\u0646 \u0627\u0644\u0641\u0626\u0627\u062a \u0627\u0644\u0639\u0645\u0631\u064a\u0629 \u0641\u064a \u0639\u064a\u0627\u062f\u062a\u0646\u0627 \u062d\u064a\u062b \u0646\u0639\u0646\u064a \u0628\u0627\u0644\u0645\u0631\u0636\u0649 \u0628\u062f\u0627\u064a\u0629 \u0645\u0646 16 \u0639\u0627\u0645\u064b\u0627 \u0641\u0623\u0643\u062b\u0631.<\/p>\n","protected":false},"excerpt":{"rendered":"<p>\u0627\u0644\u0645\u0631\u0643\u0632 \u0627\u0644\u0623\u0643\u0627\u062f\u064a\u0645\u064a \u0644\u0644\u0637\u0628 \u0627\u0644\u0646\u0641\u0633\u064a \u0648\u0627\u0644\u0639\u0644\u0627\u062c \u0627\u0644\u0646\u0641\u0633\u064a \u0627\u0644\u062e\u062f\u0645\u0627\u062a \u0627\u0644\u062a\u064a \u0646\u0642\u062f\u0645\u0647\u0627 \u064a\u0647\u062f\u0641 \u0627\u0644\u0645\u0631\u0643\u0632 \u0627\u0644\u0623\u0643\u0627\u062f\u064a\u0645\u064a \u0644\u0644\u0637\u0628 \u0627\u0644\u0646\u0641\u0633\u064a \u0648\u0627\u0644\u0639\u0644\u0627\u062c \u0627\u0644\u0646\u0641\u0633\u064a \u0625\u0644\u0649 \u0639\u0644\u0627\u062c \u0627\u0644\u0639\u062f\u064a\u062f \u0645\u0646 \u0627\u0644\u0645\u0634\u0643\u0644\u0627\u062a \u0627\u0644\u0646\u0641\u0633\u064a\u0629. \u0627\u0647\u062a\u0645\u0627\u0645\u0627\u062a\u0646\u0627 \u0627\u0644\u0631\u0626\u064a\u0633\u064a\u0629 \u25cf \u0627\u0636\u0637\u0631\u0627\u0628\u0627\u062a \u0627\u0644\u0642\u0644\u0642 \u0627\u0644\u0645\u0631\u0636\u064a\u0629 : \u0627\u0636\u0637\u0631\u0627\u0628\u0627\u062a \u0627\u0644\u0647\u0644\u0639\u060c \u0648\u0627\u0636\u0637\u0631\u0627\u0628\u0627\u062a \u0627\u0644\u0631\u0647\u0627\u0628 ( \u0627\u0644\u062e\u0648\u0641 \u0627\u0644\u0645\u0631\u0636\u064a)\u060c \u0648\u0627\u0636\u0637\u0631\u0627\u0628\u0627\u062a \u0627\u0644\u0642\u0644\u0642 \u0627\u0644\u0634\u0627\u0626\u0639\u0629\u060c \u0648\u0627\u0644\u0631\u0647\u0627\u0628 \u0627\u0644\u0627\u062c\u062a\u0645\u0627\u0639\u064a( \u0627\u0644\u0639\u0632\u0648\u0641 \u0627\u0644\u0627\u062c\u062a\u0645\u0627\u0639\u064a) \u25cf \u0647\u0648\u0627\u062c\u0633 \u0627\u0644\u0633\u0644\u0648\u0643\u064a\u0627\u062a \u0627\u0644\u0645\u0643\u0631\u0631\u0629 (\u0627\u0644\u0623\u0641\u0639\u0627\u0644 \u0627\u0644\u0642\u0647\u0631\u064a\u0629): \u0627\u0644\u0648\u0633\u0648\u0627\u0633 \u0627\u0644\u0642\u0647\u0631\u064a \u0627\u0644\u0639\u0635\u0627\u0628\u064a \u0648\u0627\u0644\u062d\u0627\u0644\u0627\u062a \u0627\u0644\u0645\u062a\u0639\u0644\u0642\u0629 \u0628\u0647 [&hellip;]<\/p>\n","protected":false},"author":2,"featured_media":0,"parent":0,"menu_order":0,"comment_status":"closed","ping_status":"closed","template":"","meta":{"_acf_changed":false,"footnotes":""},"class_list":["post-1841","page","type-page","status-publish","hentry"],"acf":[],"yoast_head":"<!-- This site is optimized with the Yoast SEO plugin v27.1.1 - https:\/\/yoast.com\/product\/yoast-seo-wordpress\/ -->\n<title>Prof. Dr. Kemal Ar\u0131kan \u0645\u0631\u0643\u0632\u0646\u0627 - \u0623\u062e\u0635\u0627\u0626\u064a \u0637\u0628 \u0627\u0644\u0646\u0641\u0633<\/title>\n<meta name=\"description\" content=\"AKADEM\u0130K Psikiyatri ve Psikoterapi Merkezinde bir\u00e7ok psikiyatrik sorunun tedavisini hedeflemekteyiz.\" \/>\n<meta name=\"robots\" content=\"index, follow, max-snippet:-1, max-image-preview:large, max-video-preview:-1\" \/>\n<link rel=\"canonical\" href=\"https:\/\/www.kemalarikan.com\/ar\/markazuna\" \/>\n<meta property=\"og:locale\" content=\"ar_AR\" \/>\n<meta property=\"og:type\" content=\"article\" \/>\n<meta property=\"og:title\" content=\"Prof. Dr. Kemal Ar\u0131kan \u0645\u0631\u0643\u0632\u0646\u0627 - \u0623\u062e\u0635\u0627\u0626\u064a \u0637\u0628 \u0627\u0644\u0646\u0641\u0633\" \/>\n<meta property=\"og:description\" content=\"AKADEM\u0130K Psikiyatri ve Psikoterapi Merkezinde bir\u00e7ok psikiyatrik sorunun tedavisini hedeflemekteyiz.\" \/>\n<meta property=\"og:url\" content=\"https:\/\/www.kemalarikan.com\/ar\/markazuna\" \/>\n<meta property=\"og:site_name\" content=\"Psikiyatri Uzman\u0131 Prof. Dr. Kemal Ar\u0131kan\" \/>\n<meta property=\"article:modified_time\" content=\"2021-04-14T10:37:09+00:00\" \/>\n<meta property=\"og:image\" content=\"https:\/\/www.kemalarikan.com\/wp-content\/uploads\/2021\/01\/akademik-psikiyatri-psikoterapi-merkezi-1.jpg\" \/>\n<meta name=\"twitter:card\" content=\"summary_large_image\" \/>\n<meta name=\"twitter:site\" content=\"@mkemalarikan\" \/>\n<!-- \/ Yoast SEO plugin. -->","yoast_head_json":{"title":"Prof. Dr. Kemal Ar\u0131kan \u0645\u0631\u0643\u0632\u0646\u0627 - \u0623\u062e\u0635\u0627\u0626\u064a \u0637\u0628 \u0627\u0644\u0646\u0641\u0633","description":"AKADEM\u0130K Psikiyatri ve Psikoterapi Merkezinde bir\u00e7ok psikiyatrik sorunun tedavisini hedeflemekteyiz.","robots":{"index":"index","follow":"follow","max-snippet":"max-snippet:-1","max-image-preview":"max-image-preview:large","max-video-preview":"max-video-preview:-1"},"canonical":"https:\/\/www.kemalarikan.com\/ar\/markazuna","og_locale":"ar_AR","og_type":"article","og_title":"Prof. Dr. Kemal Ar\u0131kan \u0645\u0631\u0643\u0632\u0646\u0627 - \u0623\u062e\u0635\u0627\u0626\u064a \u0637\u0628 \u0627\u0644\u0646\u0641\u0633","og_description":"AKADEM\u0130K Psikiyatri ve Psikoterapi Merkezinde bir\u00e7ok psikiyatrik sorunun tedavisini hedeflemekteyiz.","og_url":"https:\/\/www.kemalarikan.com\/ar\/markazuna","og_site_name":"Psikiyatri Uzman\u0131 Prof. Dr. Kemal Ar\u0131kan","article_modified_time":"2021-04-14T10:37:09+00:00","og_image":[{"url":"https:\/\/www.kemalarikan.com\/wp-content\/uploads\/2021\/01\/akademik-psikiyatri-psikoterapi-merkezi-1.jpg","type":"","width":"","height":""}],"twitter_card":"summary_large_image","twitter_site":"@mkemalarikan","schema":{"@context":"https:\/\/schema.org","@graph":[{"@type":"WebPage","@id":"https:\/\/www.kemalarikan.com\/ar\/markazuna","url":"https:\/\/www.kemalarikan.com\/ar\/markazuna","name":"Prof. Dr. Kemal Ar\u0131kan \u0645\u0631\u0643\u0632\u0646\u0627 - \u0623\u062e\u0635\u0627\u0626\u064a \u0637\u0628 \u0627\u0644\u0646\u0641\u0633","isPartOf":{"@id":"https:\/\/www.kemalarikan.com\/#website"},"primaryImageOfPage":{"@id":"https:\/\/www.kemalarikan.com\/ar\/markazuna#primaryimage"},"image":{"@id":"https:\/\/www.kemalarikan.com\/ar\/markazuna#primaryimage"},"thumbnailUrl":"https:\/\/www.kemalarikan.com\/wp-content\/uploads\/2021\/01\/akademik-psikiyatri-psikoterapi-merkezi-1.jpg","datePublished":"2012-04-29T21:10:50+00:00","dateModified":"2021-04-14T10:37:09+00:00","description":"AKADEM\u0130K Psikiyatri ve Psikoterapi Merkezinde bir\u00e7ok psikiyatrik sorunun tedavisini hedeflemekteyiz.","breadcrumb":{"@id":"https:\/\/www.kemalarikan.com\/ar\/markazuna#breadcrumb"},"inLanguage":"ar","potentialAction":[{"@type":"ReadAction","target":["https:\/\/www.kemalarikan.com\/ar\/markazuna"]}]},{"@type":"ImageObject","inLanguage":"ar","@id":"https:\/\/www.kemalarikan.com\/ar\/markazuna#primaryimage","url":"https:\/\/www.kemalarikan.com\/wp-content\/uploads\/2021\/01\/akademik-psikiyatri-psikoterapi-merkezi-1.jpg","contentUrl":"https:\/\/www.kemalarikan.com\/wp-content\/uploads\/2021\/01\/akademik-psikiyatri-psikoterapi-merkezi-1.jpg"},{"@type":"BreadcrumbList","@id":"https:\/\/www.kemalarikan.com\/ar\/markazuna#breadcrumb","itemListElement":[{"@type":"ListItem","position":1,"name":"","item":"https:\/\/www.kemalarikan.com\/"},{"@type":"ListItem","position":2,"name":"\u0645\u0631\u0643\u0632\u0646\u0627"}]},{"@type":"WebSite","@id":"https:\/\/www.kemalarikan.com\/#website","url":"https:\/\/www.kemalarikan.com\/","name":"Psikiyatri Uzman\u0131 Prof. Dr. Kemal Ar\u0131kan","description":"Psikiyatri Uzman\u0131 Prof. Dr. Kemal Ar\u0131kan&#039;\u0131n yaz\u0131lar\u0131, makaleleri, yay\u0131nlar\u0131 ve videolar\u0131n\u0131n yay\u0131nland\u0131\u011f\u0131 ki\u015fisel internet sitesi","publisher":{"@id":"https:\/\/www.kemalarikan.com\/#\/schema\/person\/3f9619a0441f34acc6eddddbb74b73ce"},"potentialAction":[{"@type":"SearchAction","target":{"@type":"EntryPoint","urlTemplate":"https:\/\/www.kemalarikan.com\/?s={search_term_string}"},"query-input":{"@type":"PropertyValueSpecification","valueRequired":true,"valueName":"search_term_string"}}],"inLanguage":"ar"},{"@type":["Person","Organization"],"@id":"https:\/\/www.kemalarikan.com\/#\/schema\/person\/3f9619a0441f34acc6eddddbb74b73ce","name":"Kemal Ar\u0131kan","image":{"@type":"ImageObject","inLanguage":"ar","@id":"https:\/\/www.kemalarikan.com\/#\/schema\/person\/image\/","url":"https:\/\/www.kemalarikan.com\/wp-content\/uploads\/2022\/04\/prof-dr-kemal-arikan-psikiyatrist.jpg","contentUrl":"https:\/\/www.kemalarikan.com\/wp-content\/uploads\/2022\/04\/prof-dr-kemal-arikan-psikiyatrist.jpg","width":1280,"height":720,"caption":"Kemal Ar\u0131kan"},"logo":{"@id":"https:\/\/www.kemalarikan.com\/#\/schema\/person\/image\/"},"sameAs":["https:\/\/www.kemalarikan.com\/"]}]}},"_links":{"self":[{"href":"https:\/\/www.kemalarikan.com\/ar\/wp-json\/wp\/v2\/pages\/1841","targetHints":{"allow":["GET"]}}],"collection":[{"href":"https:\/\/www.kemalarikan.com\/ar\/wp-json\/wp\/v2\/pages"}],"about":[{"href":"https:\/\/www.kemalarikan.com\/ar\/wp-json\/wp\/v2\/types\/page"}],"author":[{"embeddable":true,"href":"https:\/\/www.kemalarikan.com\/ar\/wp-json\/wp\/v2\/users\/2"}],"replies":[{"embeddable":true,"href":"https:\/\/www.kemalarikan.com\/ar\/wp-json\/wp\/v2\/comments?post=1841"}],"version-history":[{"count":0,"href":"https:\/\/www.kemalarikan.com\/ar\/wp-json\/wp\/v2\/pages\/1841\/revisions"}],"wp:attachment":[{"href":"https:\/\/www.kemalarikan.com\/ar\/wp-json\/wp\/v2\/media?parent=1841"}],"curies":[{"name":"wp","href":"https:\/\/api.w.org\/{rel}","templated":true}]}}