{"id":1845,"date":"2011-01-18T11:59:10","date_gmt":"2011-01-18T09:59:10","guid":{"rendered":"https:\/\/www.kemalarikan.com\/ozgecmis"},"modified":"2021-04-14T13:37:01","modified_gmt":"2021-04-14T10:37:01","slug":"tarikhuna","status":"publish","type":"page","link":"https:\/\/www.kemalarikan.com\/ar\/tarikhuna","title":{"rendered":"\u062a\u0627\u0631\u064a\u062e\u0646\u0627 \u0627\u0644\u0634\u062e\u0635\u064a"},"content":{"rendered":"<p>\u0645\u0646 2017 \u0648\u062d\u062a\u0649 \u0627\u0644\u0622\u0646 : \u0631\u0626\u064a\u0633 \u0645\u062c\u0644\u0633 \u0627\u0644\u0642\u064a\u0645 \u0648\u0623\u062e\u0644\u0627\u0642\u064a\u0627\u062a \u0627\u0644\u0628\u062d\u062b \u0627\u0644\u0625\u0643\u0644\u064a\u0646\u064a\u0643\u064a \u0644\u062f\u0649 \u062c\u0627\u0645\u0639\u0629 \u0623\u0648\u0633\u0643\u0648\u062f\u0627\u0631<\/p>\n<p>\u0645\u0646 2005 \u0648\u062d\u062a\u0649 2011 : \u0631\u0626\u064a\u0633 \u0641\u0631\u0639 \u0627\u0644\u0637\u0628 \u0627\u0644\u0646\u0641\u0633\u064a &#8211; \u0642\u0633\u0645 \u0627\u0644\u062a\u0648\u0627\u0635\u0644 \u0648\u0627\u0644\u0627\u0633\u062a\u0634\u0627\u0631\u0627\u062a \u0627\u0644\u0646\u0641\u0633\u064a\u0629 &#8211; \u0642\u0633\u0645 \u0639\u0644\u0645 \u0627\u0644\u0637\u0628 \u0627\u0644\u0646\u0641\u0633\u064a &#8211; \u0643\u0644\u064a\u0629 \u0637\u0628 \u062c\u0631\u0627\u062d \u0628\u0627\u0634\u0627<\/p>\n<p>\u0645\u0646 1992 \u0648\u062d\u062a\u0649 1993 : \u0645\u0646\u0638\u0645\u0629 \u0627\u0644\u0635\u062d\u0629 \u0627\u0644\u0639\u0627\u0644\u0645\u064a\u0629\u060c \u0642\u0633\u0645 \u0627\u0644\u0635\u062d\u0629 \u0627\u0644\u0646\u0641\u0633\u064a\u0629\u060c \u0627\u0644\u0645\u062a\u0627\u0628\u0639\u0629 \u0627\u0644\u0645\u064a\u062f\u0627\u0646\u064a\u0629 \u0644\u0644\u0645\u0634\u0631\u0648\u0639\u0627\u062a \u0627\u0644\u062f\u0648\u0644\u064a\u0629 \u0644\u0648\u0633\u0627\u0626\u0644 \u0627\u0644\u0639\u0644\u0627\u062c \u0627\u0644\u0645\u0628\u0646\u064a\u0629 \u0639\u0644\u0649 \u0627\u0644\u0641\u064a\u0632\u064a\u0648\u0644\u0648\u062c\u064a\u0627 \u0627\u0644\u0643\u0647\u0631\u0628\u064a\u0629\u060c \u0631\u0626\u064a\u0633 \u0645\u0631\u0643\u0632 \u0627\u0644\u0645\u0646\u0638\u0645\u0629 \u0627\u0644\u062f\u0648\u0644\u064a\u0629 \u0628\u062a\u0631\u0643\u064a\u0627.<\/p>\n<p>\u0645\u0646 1986 \u0648\u062d\u062a\u0649 1987 : \u062a\u0623\u062f\u064a\u0629 \u0627\u0644\u062e\u062f\u0645\u0629 \u0627\u0644\u0625\u0644\u0632\u0627\u0645\u064a\u0629 \u0644\u0644\u0645\u0646\u0627\u0637\u0642 \u0627\u0644\u0646\u0627\u0626\u064a\u0629 \u0643\u0645\u0633\u0627\u0639\u062f \u0644\u0645\u062f\u064a\u0631 \u0627\u0644\u0625\u062f\u0627\u0631\u0629 \u0627\u0644\u0635\u062d\u064a\u0629 \u0628\u0645\u0642\u0627\u0637\u0639\u0629 \u0622\u063a\u0631\u064a <\/p>\n<p><strong>\u0627\u0644\u062a\u0639\u0644\u064a\u0645 \u0627\u0644\u062a\u062e\u0635\u0635\u064a<\/strong><\/p>\n<p>\u0645\u0646 \u0634\u0647\u0631 3 \u0633\u0646\u0629 87 \u062d\u062a\u0649 \u0634\u0647\u0631 6 \u0633\u0646\u0629 88 : \u062a\u062e\u0635\u0635 \u0627\u0644\u0623\u0645\u0631\u0627\u0636 \u0627\u0644\u0646\u0641\u0633\u064a\u0629 \u0628\u0645\u0633\u062a\u0634\u0641\u0649 \u0627\u0644\u0623\u0645\u0631\u0627\u0636 \u0627\u0644\u0646\u0641\u0633\u064a\u0629 \u0648\u0627\u0644\u0639\u0635\u0628\u064a\u0629 \u0641\u064a \u0628\u0627\u0642\u0631 \u0643\u0648\u064a<\/p>\n<p>\u0645\u0646 \u0634\u0647\u0631 6 \u0633\u0646\u0629 88 \u062d\u062a\u0649 \u0634\u0647\u0631 9 \u0633\u0646\u0629 88 : \u062f\u0648\u0631\u0629 \u0627\u0644\u0623\u0645\u0631\u0627\u0636 \u0627\u0644\u0628\u0627\u0637\u0646\u064a\u0629 \u0628\u0645\u0633\u062a\u0634\u0641\u0649 \u0643\u0644\u064a\u0629 \u0627\u0644\u0637\u0628 \u062c\u0627\u0645\u0639\u0629 \u0627\u0644\u0641\u0631\u0627\u062a<\/p>\n<p>\u0645\u0646 \u0634\u0647\u0631 9 \u0633\u0646\u0629 88 \u062d\u062a\u0649 \u0634\u0647\u0631 9 \u0633\u0646\u0629 89 : \u0628\u0645\u0633\u062a\u0634\u0641\u0649 \u0643\u0644\u064a\u0629 \u0627\u0644\u0637\u0628 &#8211; \u0643\u0644\u064a\u0629 \u0627\u0644\u0637\u0628 \u062c\u0631\u0627\u062d \u0628\u0627\u0634\u0627 &#8211; \u062c\u0627\u0645\u0639\u0629 \u0625\u0633\u0637\u0646\u0628\u0648\u0644<br \/>\n\u0627\u0644\u0627\u062e\u062a\u0635\u0627\u0635 \u0641\u064a \u0627\u0644\u0637\u0628 \u0627\u0644\u0646\u0641\u0633\u064a<\/p>\n<p>\u0645\u0646 \u0634\u0647\u0631 9 \u0633\u0646\u0629 89 \u062d\u062a\u0649 \u0634\u0647\u0631 6 \u0633\u0646\u0629 90 : \u062f\u0648\u0631\u0629  \u0637\u0628 \u0623\u0645\u0631\u0627\u0636  \u0627\u0644\u0623\u0639\u0635\u0627\u0628 \u0644\u062f\u0649 \u0627\u0644\u0645\u0639\u0647\u062f \u0627\u0644\u0635\u062d\u064a \u0627\u0644\u0648\u0637\u0646\u064a \u0627\u0644\u0623\u0645\u0631\u064a\u0643\u064a ((NIH \u0645\u0631\u0643\u0632 \u0627\u0636\u0637\u0631\u0627\u0628\u0627\u062a \u0627\u0644\u0623\u0639\u0635\u0627\u0628 \u0648\u0623\u0645\u0631\u0627\u0636 \u0627\u0644\u062a\u0648\u0627\u0635\u0644 \u0648\u0627\u0644\u0633\u0643\u062a\u0629 \u0627\u0644\u062f\u0645\u0627\u063a\u064a\u0629\u060c(NINCDS)  \u0648\u0627\u0634\u0646\u0637\u0646 \u0627\u0644\u0648\u0644\u0627\u064a\u0627\u062a \u0627\u0644\u0645\u062a\u062d\u062f\u0629 \u0627\u0644\u0623\u0645\u0631\u064a\u0643\u064a\u0629<\/p>\n<p>\u0645\u0646 \u0634\u0647\u0631 6 \u0633\u0646\u0629 90 \u062d\u062a\u0649 \u0634\u0647\u0631 8 \u0633\u0646\u0629 90 : \u0628\u0645\u0633\u062a\u0634\u0641\u0649 \u0643\u0644\u064a\u0629 \u0627\u0644\u0637\u0628 &#8211; \u0643\u0644\u064a\u0629 \u0627\u0644\u0637\u0628 \u062c\u0631\u0627\u062d \u0628\u0627\u0634\u0627 &#8211; \u062c\u0627\u0645\u0639\u0629 \u0625\u0633\u0637\u0646\u0628\u0648\u0644<br \/>\n\u0627\u0644\u0627\u062e\u062a\u0635\u0627\u0635 \u0641\u064a \u0627\u0644\u0637\u0628 \u0627\u0644\u0646\u0641\u0633\u064a<\/p>\n<p>\u0645\u0646 \u0634\u0647\u0631 8 \u0633\u0646\u0629 90 \u062d\u062a\u0649 \u0634\u0647\u0631 2 \u0633\u0646\u0629 92 : \u0643\u0644\u064a\u0629 \u0627\u0644\u0637\u0628 \u0628\u0646\u064a\u0648\u064a\u0648\u0631\u0643 \u0627\u0644\u0648\u0644\u0627\u064a\u0627\u062a \u0627\u0644\u0645\u062a\u062d\u062f\u0629 \u0627\u0644\u0623\u0645\u0631\u064a\u0643\u064a\u0629 &#8211; \u0628\u062d\u062b \u0632\u0645\u0627\u0644\u0629 \u0643\u0644\u064a\u0629 \u0637\u0628 \u0646\u064a\u0648\u064a\u0648\u0631\u0643 ( \u0625\u062a\u0645\u0627\u0645 \u062f\u0648\u0631\u0629 \u0627\u0644\u0637\u0628 \u0627\u0644\u0646\u0641\u0633\u064a \u0644\u0644\u0623\u0637\u0641\u0627\u0644)<\/p>\n<p>\u0645\u0646 \u0634\u0647\u0631 2 \u0633\u0646\u0629 92 \u062d\u062a\u0649 \u0634\u0647\u0631 3 \u0633\u0646\u0629 93 : \u0628\u0645\u0633\u062a\u0634\u0641\u0649 \u0643\u0644\u064a\u0629 \u0627\u0644\u0637\u0628 &#8211; \u0643\u0644\u064a\u0629 \u0627\u0644\u0637\u0628 \u062c\u0631\u0627\u062d \u0628\u0627\u0634\u0627 &#8211; \u062c\u0627\u0645\u0639\u0629 \u0625\u0633\u0637\u0646\u0628\u0648\u0644<br \/>\n\u0627\u0644\u0627\u062e\u062a\u0635\u0627\u0635 \u0641\u064a \u0627\u0644\u0637\u0628 \u0627\u0644\u0646\u0641\u0633\u064a<\/p>\n<p>\u062f\u0631\u062c\u0629 \u0627\u0644\u062e\u0628\u0631\u0629 \u0627\u0644\u0641\u0627\u0626\u0642\u0629 (\u062f\u0631\u062c\u0629  \u0627\u0644\u0627\u0633\u062a\u0634\u0627\u0631\u064a \u0627\u0644\u062e\u0628\u064a\u0631)<br \/>\n\u0645\u0646 \u0634\u0647\u0631 2 \u0633\u0646\u0629 92 \u062d\u062a\u0649 \u0634\u0647\u0631 3 \u0633\u0646\u0629 93 : \u0628\u0645\u0633\u062a\u0634\u0641\u0649 \u0643\u0644\u064a\u0629 \u0627\u0644\u0637\u0628 &#8211; \u0643\u0644\u064a\u0629 \u0627\u0644\u0637\u0628 \u062c\u0631\u0627\u062d \u0628\u0627\u0634\u0627 &#8211; \u062c\u0627\u0645\u0639\u0629 \u0625\u0633\u0637\u0646\u0628\u0648\u0644<br \/>\n\u0627\u0633\u062a\u0634\u0627\u0631\u064a  \u0627\u0644\u0637\u0628 \u0627\u0644\u0646\u0641\u0633\u064a &#8211; \u062f\u0631\u062c\u0629 \u0623\u0633\u062a\u0627\u0630 \u0645\u0633\u0627\u0639\u062f<br \/>\n\u0645\u0646 \u062a\u0627\u0631\u064a\u062e  22 \u0634\u0647\u0631 9 \u0633\u0646\u0629 93 : \u0628\u0645\u0633\u062a\u0634\u0641\u0649 \u0643\u0644\u064a\u0629 \u0627\u0644\u0637\u0628 &#8211; \u0643\u0644\u064a\u0629 \u0627\u0644\u0637\u0628 \u062c\u0631\u0627\u062d \u0628\u0627\u0634\u0627 &#8211; \u062c\u0627\u0645\u0639\u0629 \u0625\u0633\u0637\u0646\u0628\u0648\u0644<br \/>\n\u0627\u0633\u062a\u0634\u0627\u0631\u064a  \u0627\u0644\u0637\u0628 \u0627\u0644\u0646\u0641\u0633\u064a &#8211; \u062f\u0631\u062c\u0629 \u0627\u0644\u0623\u0633\u062a\u0627\u0630\u064a\u0629<\/p>\n<p>\u0633\u0646\u0629 1999 : \u0628\u0645\u0633\u062a\u0634\u0641\u0649 \u0643\u0644\u064a\u0629 \u0627\u0644\u0637\u0628 &#8211; \u0643\u0644\u064a\u0629 \u0627\u0644\u0637\u0628 \u062c\u0631\u0627\u062d \u0628\u0627\u0634\u0627 &#8211; \u062c\u0627\u0645\u0639\u0629 \u0625\u0633\u0637\u0646\u0628\u0648\u0644<br \/>\n\u0627\u0633\u062a\u0634\u0627\u0631\u064a  \u0627\u0644\u0637\u0628 \u0627\u0644\u0646\u0641\u0633\u064a &#8211; \u062f\u0631\u062c\u0629 \u0627\u0644\u062f\u0643\u062a\u0648\u0631\u0627\u0647<\/p>\n<p>\u0633\u0646\u0629 2001: \u062f\u0643\u062a\u0648\u0631\u0627\u0647 \u0641\u064a \u0627\u0644\u0625\u062d\u0635\u0627\u0621 \u0627\u0644\u062d\u064a\u0648\u064a \u060c \u062c\u0627\u0645\u0639\u0629 \u0627\u0633\u0637\u0646\u0628\u0648\u0644<br \/>\n\u0627\u0644\u0623\u0646\u0634\u0637\u0629 \u0627\u0644\u0645\u0647\u0646\u064a\u0629 \u0648\u0627\u0644\u0645\u0646\u0627\u0635\u0628 \u0627\u0644\u0639\u0644\u0627\u062c\u064a\u0629<\/p>\n<p>\u0633\u0646\u0629  2018 \u0648\u062d\u062a\u0649 \u0627\u0644\u064a\u0648\u0645 : \u0645\u062d\u0631\u0631 \u0645\u0634\u0627\u0631\u0643 \u0644\u0645\u062c\u0644\u0629 \u062a\u062e\u0637\u064a\u0637 \u0627\u0644\u062f\u0645\u0627\u063a \u0627\u0644\u0643\u0647\u0631\u0628\u064a \u0627\u0644\u0625\u0643\u0644\u064a\u0646\u064a\u0643\u064a EEG \u0648\u0639\u0644\u0645 \u0627\u0644\u0623\u0639\u0635\u0627\u0628 <\/p>\n<p>\u0633\u0646\u0629  2017 \u0648\u062d\u062a\u0649 \u0627\u0644\u064a\u0648\u0645 :\u0645\u0646\u0633\u0642 \u0627\u0644\u0628\u062d\u062b \u0627\u0644\u0639\u0644\u0645\u064a \u0644\u062f\u0649 \u062c\u0627\u0645\u0639\u0629 \u0623\u0648\u0633\u0643\u0648\u062f\u0627\u0631<\/p>\n<p>\u0633\u0646\u0629  2016 \u0648\u062d\u062a\u0649 2017 : \u0639\u0636\u0648 \u0645\u062c\u0644\u0633 \u0646\u0634\u0631 \u0648\u062a\u062d\u0631\u064a\u0631 \u0645\u062c\u0644\u0629 \u062a\u062e\u0637\u064a\u0637 \u0627\u0644\u062f\u0645\u0627\u063a \u0627\u0644\u0643\u0647\u0631\u0628\u064a \u0627\u0644\u0625\u0643\u0644\u064a\u0646\u064a\u0643\u064a EEG \u0648\u0639\u0644\u0645 \u0627\u0644\u0623\u0639\u0635\u0627\u0628 <\/p>\n<p>\u0633\u0646\u0629  2014 \u0648\u062d\u062a\u0649 2017 : \u0639\u0636\u0648 \u0645\u062c\u0644\u0633 \u0646\u0634\u0631 \u0648\u062a\u062d\u0631\u064a\u0631 \u0645\u062c\u0644\u0629 \u0627\u0644\u0645\u0646\u062a\u062f\u0649 \u0627\u0644\u062c\u062f\u064a\u062f<\/p>\n<p>\u0633\u0646\u0629  2013 \u0648\u062d\u062a\u0649 2017 : \u0639\u0636\u0648 \u0647\u064a\u0626\u0629 \u0627\u0644\u062a\u062f\u0631\u064a\u0633 \u0628\u0642\u0633\u0645 \u0627\u0644\u0623\u0645\u0631\u0627\u0636 \u0627\u0644\u0646\u0641\u0633\u064a\u0629 \u0628\u0643\u0644\u064a\u0629 \u0627\u0644\u0637\u0628 &#8211; \u0643\u0644\u064a\u0629 \u0627\u0644\u0637\u0628 \u062c\u0631\u0627\u062d \u0628\u0627\u0634\u0627 &#8211; \u062c\u0627\u0645\u0639\u0629 \u0625\u0633\u0637\u0646\u0628\u0648\u0644<\/p>\n<p>\u0633\u0646\u0629  2017 \u0648\u062d\u062a\u0649 \u0627\u0644\u064a\u0648\u0645 : \u0627\u0644\u0645\u0631\u0643\u0632 \u0627\u0644\u0623\u0643\u0627\u062f\u064a\u0645\u064a \u0644\u0644\u0637\u0628 \u0627\u0644\u0646\u0641\u0633\u064a \u0648\u0627\u0644\u0639\u0644\u0627\u062c \u0627\u0644\u0646\u0641\u0633\u064a<\/p>\n<p><strong>\u0627\u0644\u062c\u0648\u0627\u0626\u0632 \u0648\u0627\u0644\u062a\u0643\u0631\u064a\u0645<\/strong><br \/>\n\u0633\u0646\u0629  2017: \u062c\u0645\u0639\u064a\u0629 \u062a\u062e\u0637\u064a\u0637 \u0627\u0644\u062f\u0645\u0627\u063a \u0627\u0644\u0643\u0647\u0631\u0628\u064a  \u0648\u0639\u0644\u0645 \u0627\u0644\u0623\u0639\u0635\u0627\u0628 \u0627\u0644\u0625\u0643\u0644\u064a\u0646\u064a\u0643\u064a (ECNS)<br \/>\n\u0633\u0646\u0629 1989 : \u062c\u0627\u0626\u0632\u0629 \u0645\u062c\u0644\u0633 \u0627\u0644\u0628\u062d\u062b \u0627\u0644\u0639\u0644\u0645\u064a \u0648\u0627\u0644\u062a\u0643\u0646\u0648\u0644\u0648\u062c\u064a \u0641\u064a \u062a\u0631\u0643\u064a\u0627 T\u00dcBITAK (\u062c\u0627\u0626\u0632\u0629 \u0627\u0644\u0639\u0644\u0645\u0627\u0621 \u0627\u0644\u0634\u0628\u0627\u0628 \u0644\u062f\u0648\u0644 \u062d\u0644\u0641 \u0634\u0645\u0627\u0644 \u0627\u0644\u0623\u0637\u0644\u0633\u064a) YDBEF<\/p>\n<p><strong>\u0642\u0636\u0649 \u0641\u062a\u0631\u0629 \u0627\u0644\u062e\u062f\u0645\u0629 \u0627\u0644\u0639\u0633\u0643\u0631\u064a\u0629<\/strong><br \/>\n\u0645\u0646 \u0634\u0647\u0631 3 \u0633\u0646\u0629 92 \u062d\u062a\u0649 \u0634\u0647\u0631 5 \u0633\u0646\u0629 92 : \u0641\u064a \u0645\u0646\u0637\u0642\u0629 \u0628\u0648\u0631\u062f\u0648\u0631<\/p>\n<p><strong>\u0639\u0636\u0648\u064a\u0629 \u062c\u0645\u0639\u064a\u0627\u062a \u0648\u0645\u0646\u0638\u0645\u0627\u062a \u0639\u0644\u0645\u064a\u0629<\/strong><br \/>\n\u25cf \u0639\u0636\u0648 \u0645\u062c\u0644\u0633 \u0625\u062f\u0627\u0631\u0629 \u062c\u0645\u0639\u064a\u0629 \u062a\u062e\u0637\u064a\u0637 \u0627\u0644\u062f\u0645\u0627\u063a \u0627\u0644\u0643\u0647\u0631\u0628\u064a  \u0648\u0639\u0644\u0645 \u0627\u0644\u0623\u0639\u0635\u0627\u0628 \u0627\u0644\u0625\u0643\u0644\u064a\u0646\u064a\u0643\u064a (ECNS) \u0631\u0626\u064a\u0633 \u0627\u0644\u0645\u0624\u062a\u0645\u0631 \u0644\u0633\u0646\u0629 2010<br \/>\n\u25cf \u0627\u062a\u062d\u0627\u062f \u0627\u0644\u0623\u0637\u0628\u0627\u0621 \u0627\u0644\u0623\u062a\u0631\u0627\u0643<br \/>\n\u25cf \u0627\u0644\u0623\u0643\u0627\u062f\u064a\u0645\u064a\u0629 \u0627\u0644\u0637\u0628\u064a\u0629 \u0648\u0627\u0644\u0637\u0628 \u0627\u0644\u0646\u0641\u0633\u064a &#8211; \u0646\u064a\u0648\u064a\u0648\u0631\u0643 \u060c \u0627\u0644\u0648\u0644\u0627\u064a\u0627\u062a \u0627\u0644\u0645\u062a\u062d\u062f\u0629 \u0627\u0644\u0623\u0645\u0631\u064a\u0643\u064a\u0629<br \/>\n\u25cf \u0627\u0644\u062c\u0645\u0639\u064a\u0629 \u0627\u0644\u062f\u0648\u0644\u064a\u0629 \u0644\u0644\u0645\u0633\u062d \u0627\u0644\u0637\u0628\u0642\u064a \u0627\u0644\u0643\u0647\u0631\u0648\u0645\u063a\u0646\u0627\u0637\u064a\u0633\u064a \u0644\u0644\u0645\u062e  ISBET<br \/>\n\u25cf \u0623\u0643\u0627\u062f\u064a\u0645\u064a\u0629 \u0646\u064a\u0648\u064a\u0648\u0631\u0643 \u0644\u0644\u0639\u0644\u0648\u0645<br \/>\n\u25cf \u0627\u0644\u062c\u0645\u0639\u064a\u0629 \u0627\u0644\u062a\u0631\u0643\u064a\u0629 \u0644\u0644\u0639\u0644\u0627\u062c \u0627\u0644\u0646\u0641\u0633\u064a \u0627\u0644\u062c\u0633\u062f\u064a (\u0627\u0644\u0623\u0645\u0631\u0627\u0636 \u0627\u0644\u0646\u0641\u0633\u064a\u0629 \u0627\u0644\u0645\u0646\u0639\u0643\u0633\u0629 \u0639\u0636\u0648\u064a\u0627)<br \/>\n\u25cf \u0627\u0644\u062c\u0645\u0639\u064a\u0629 \u0627\u0644\u062a\u0631\u0643\u064a\u0629 \u0644\u0644\u0637\u0628 \u0627\u0644\u0646\u0641\u0633\u064a \u0627\u0644\u0628\u064a\u0648\u0644\u0648\u062c\u064a<br \/>\n\u25cf \u0631\u0627\u0628\u0637\u0629 \u0627\u0644\u0623\u0637\u0628\u0627\u0621 \u0627\u0644\u0646\u0641\u0633\u064a\u064a\u0646 \u0627\u0644\u0623\u0648\u0631\u0648\u0628\u064a\u064a\u0646 AEP<br \/>\n\u25cf \u0627\u0644\u062c\u0645\u0639\u064a\u0629 \u0627\u0644\u062f\u0648\u0644\u064a\u0629 \u0644\u0644\u0643\u064a\u0645\u064a\u0627\u0621 \u0627\u0644\u0639\u0635\u0628\u064a\u0629<br \/>\n\u25cf \u0623\u0643\u0627\u062f\u064a\u0645\u064a\u0629 \u0627\u0644\u0637\u0628 \u0627\u0644\u0646\u0641\u0633\u064a \u0627\u0644\u062c\u0633\u062f\u064a (\u0627\u0644\u0623\u0645\u0631\u0627\u0636 \u0627\u0644\u0646\u0641\u0633\u064a\u0629 \u0627\u0644\u0645\u0646\u0639\u0643\u0633\u0629 \u0639\u0636\u0648\u064a\u0627)<\/p>\n","protected":false},"excerpt":{"rendered":"<p>\u0645\u0646 2017 \u0648\u062d\u062a\u0649 \u0627\u0644\u0622\u0646 : \u0631\u0626\u064a\u0633 \u0645\u062c\u0644\u0633 \u0627\u0644\u0642\u064a\u0645 \u0648\u0623\u062e\u0644\u0627\u0642\u064a\u0627\u062a \u0627\u0644\u0628\u062d\u062b \u0627\u0644\u0625\u0643\u0644\u064a\u0646\u064a\u0643\u064a \u0644\u062f\u0649 \u062c\u0627\u0645\u0639\u0629 \u0623\u0648\u0633\u0643\u0648\u062f\u0627\u0631 \u0645\u0646 2005 \u0648\u062d\u062a\u0649 2011 : \u0631\u0626\u064a\u0633 \u0641\u0631\u0639 \u0627\u0644\u0637\u0628 \u0627\u0644\u0646\u0641\u0633\u064a &#8211; \u0642\u0633\u0645 \u0627\u0644\u062a\u0648\u0627\u0635\u0644 \u0648\u0627\u0644\u0627\u0633\u062a\u0634\u0627\u0631\u0627\u062a \u0627\u0644\u0646\u0641\u0633\u064a\u0629 &#8211; \u0642\u0633\u0645 \u0639\u0644\u0645 \u0627\u0644\u0637\u0628 \u0627\u0644\u0646\u0641\u0633\u064a &#8211; \u0643\u0644\u064a\u0629 \u0637\u0628 \u062c\u0631\u0627\u062d \u0628\u0627\u0634\u0627 \u0645\u0646 1992 \u0648\u062d\u062a\u0649 1993 : \u0645\u0646\u0638\u0645\u0629 \u0627\u0644\u0635\u062d\u0629 \u0627\u0644\u0639\u0627\u0644\u0645\u064a\u0629\u060c \u0642\u0633\u0645 \u0627\u0644\u0635\u062d\u0629 \u0627\u0644\u0646\u0641\u0633\u064a\u0629\u060c \u0627\u0644\u0645\u062a\u0627\u0628\u0639\u0629 \u0627\u0644\u0645\u064a\u062f\u0627\u0646\u064a\u0629 \u0644\u0644\u0645\u0634\u0631\u0648\u0639\u0627\u062a \u0627\u0644\u062f\u0648\u0644\u064a\u0629 \u0644\u0648\u0633\u0627\u0626\u0644 \u0627\u0644\u0639\u0644\u0627\u062c [&hellip;]<\/p>\n","protected":false},"author":5,"featured_media":0,"parent":0,"menu_order":0,"comment_status":"closed","ping_status":"closed","template":"","meta":{"_acf_changed":false,"footnotes":""},"class_list":["post-1845","page","type-page","status-publish","hentry"],"acf":[],"yoast_head":"<!-- This site is optimized with the Yoast SEO plugin v27.1.1 - https:\/\/yoast.com\/product\/yoast-seo-wordpress\/ -->\n<title>\u062a\u0627\u0631\u064a\u062e\u0646\u0627 \u0627\u0644\u0634\u062e\u0635\u064a - Psikiyatri Uzman\u0131 Prof. Dr. Kemal Ar\u0131kan<\/title>\n<meta name=\"description\" content=\"\u0645\u0646 2017 \u0648\u062d\u062a\u0649 \u0627\u0644\u0622\u0646 : \u0631\u0626\u064a\u0633 \u0645\u062c\u0644\u0633 \u0627\u0644\u0642\u064a\u0645 \u0648\u0623\u062e\u0644\u0627\u0642\u064a\u0627\u062a \u0627\u0644\u0628\u062d\u062b \u0627\u0644\u0625\u0643\u0644\u064a\u0646\u064a\u0643\u064a \u0644\u062f\u0649 \u062c\u0627\u0645\u0639\u0629 \u0623\u0648\u0633\u0643\u0648\u062f\u0627\u0631 \u0645\u0646 2005 \u0648\u062d\u062a\u0649 2011 : \u0631\u0626\u064a\u0633 \u0641\u0631\u0639 \u0627\u0644\u0637\u0628 \u0627\u0644\u0646\u0641\u0633\u064a - \u0642\u0633\u0645 \u0627\u0644\u062a\u0648\u0627\u0635\u0644 \u0648\u0627\u0644\u0627\u0633\u062a\u0634\u0627\u0631\u0627\u062a\" \/>\n<meta name=\"robots\" content=\"index, follow, max-snippet:-1, max-image-preview:large, max-video-preview:-1\" \/>\n<link rel=\"canonical\" href=\"https:\/\/www.kemalarikan.com\/ar\/tarikhuna\" \/>\n<meta property=\"og:locale\" content=\"ar_AR\" \/>\n<meta property=\"og:type\" content=\"article\" \/>\n<meta property=\"og:title\" content=\"\u062a\u0627\u0631\u064a\u062e\u0646\u0627 \u0627\u0644\u0634\u062e\u0635\u064a - Psikiyatri Uzman\u0131 Prof. Dr. Kemal Ar\u0131kan\" \/>\n<meta property=\"og:description\" content=\"\u0645\u0646 2017 \u0648\u062d\u062a\u0649 \u0627\u0644\u0622\u0646 : \u0631\u0626\u064a\u0633 \u0645\u062c\u0644\u0633 \u0627\u0644\u0642\u064a\u0645 \u0648\u0623\u062e\u0644\u0627\u0642\u064a\u0627\u062a \u0627\u0644\u0628\u062d\u062b \u0627\u0644\u0625\u0643\u0644\u064a\u0646\u064a\u0643\u064a \u0644\u062f\u0649 \u062c\u0627\u0645\u0639\u0629 \u0623\u0648\u0633\u0643\u0648\u062f\u0627\u0631 \u0645\u0646 2005 \u0648\u062d\u062a\u0649 2011 : \u0631\u0626\u064a\u0633 \u0641\u0631\u0639 \u0627\u0644\u0637\u0628 \u0627\u0644\u0646\u0641\u0633\u064a - \u0642\u0633\u0645 \u0627\u0644\u062a\u0648\u0627\u0635\u0644 \u0648\u0627\u0644\u0627\u0633\u062a\u0634\u0627\u0631\u0627\u062a\" \/>\n<meta property=\"og:url\" content=\"https:\/\/www.kemalarikan.com\/ar\/tarikhuna\" \/>\n<meta property=\"og:site_name\" content=\"Psikiyatri Uzman\u0131 Prof. Dr. Kemal Ar\u0131kan\" \/>\n<meta property=\"article:modified_time\" content=\"2021-04-14T10:37:01+00:00\" \/>\n<meta property=\"og:image\" content=\"https:\/\/www.kemalarikan.com\/wp-content\/uploads\/2022\/04\/prof-dr-kemal-arikan-psikiyatrist.jpg\" \/>\n\t<meta property=\"og:image:width\" content=\"1280\" \/>\n\t<meta property=\"og:image:height\" content=\"720\" \/>\n\t<meta property=\"og:image:type\" content=\"image\/jpeg\" \/>\n<meta name=\"twitter:card\" content=\"summary_large_image\" \/>\n<meta name=\"twitter:site\" content=\"@mkemalarikan\" \/>\n<!-- \/ Yoast SEO plugin. -->","yoast_head_json":{"title":"\u062a\u0627\u0631\u064a\u062e\u0646\u0627 \u0627\u0644\u0634\u062e\u0635\u064a - Psikiyatri Uzman\u0131 Prof. Dr. Kemal Ar\u0131kan","description":"\u0645\u0646 2017 \u0648\u062d\u062a\u0649 \u0627\u0644\u0622\u0646 : \u0631\u0626\u064a\u0633 \u0645\u062c\u0644\u0633 \u0627\u0644\u0642\u064a\u0645 \u0648\u0623\u062e\u0644\u0627\u0642\u064a\u0627\u062a \u0627\u0644\u0628\u062d\u062b \u0627\u0644\u0625\u0643\u0644\u064a\u0646\u064a\u0643\u064a \u0644\u062f\u0649 \u062c\u0627\u0645\u0639\u0629 \u0623\u0648\u0633\u0643\u0648\u062f\u0627\u0631 \u0645\u0646 2005 \u0648\u062d\u062a\u0649 2011 : \u0631\u0626\u064a\u0633 \u0641\u0631\u0639 \u0627\u0644\u0637\u0628 \u0627\u0644\u0646\u0641\u0633\u064a - \u0642\u0633\u0645 \u0627\u0644\u062a\u0648\u0627\u0635\u0644 \u0648\u0627\u0644\u0627\u0633\u062a\u0634\u0627\u0631\u0627\u062a","robots":{"index":"index","follow":"follow","max-snippet":"max-snippet:-1","max-image-preview":"max-image-preview:large","max-video-preview":"max-video-preview:-1"},"canonical":"https:\/\/www.kemalarikan.com\/ar\/tarikhuna","og_locale":"ar_AR","og_type":"article","og_title":"\u062a\u0627\u0631\u064a\u062e\u0646\u0627 \u0627\u0644\u0634\u062e\u0635\u064a - Psikiyatri Uzman\u0131 Prof. Dr. Kemal Ar\u0131kan","og_description":"\u0645\u0646 2017 \u0648\u062d\u062a\u0649 \u0627\u0644\u0622\u0646 : \u0631\u0626\u064a\u0633 \u0645\u062c\u0644\u0633 \u0627\u0644\u0642\u064a\u0645 \u0648\u0623\u062e\u0644\u0627\u0642\u064a\u0627\u062a \u0627\u0644\u0628\u062d\u062b \u0627\u0644\u0625\u0643\u0644\u064a\u0646\u064a\u0643\u064a \u0644\u062f\u0649 \u062c\u0627\u0645\u0639\u0629 \u0623\u0648\u0633\u0643\u0648\u062f\u0627\u0631 \u0645\u0646 2005 \u0648\u062d\u062a\u0649 2011 : \u0631\u0626\u064a\u0633 \u0641\u0631\u0639 \u0627\u0644\u0637\u0628 \u0627\u0644\u0646\u0641\u0633\u064a - \u0642\u0633\u0645 \u0627\u0644\u062a\u0648\u0627\u0635\u0644 \u0648\u0627\u0644\u0627\u0633\u062a\u0634\u0627\u0631\u0627\u062a","og_url":"https:\/\/www.kemalarikan.com\/ar\/tarikhuna","og_site_name":"Psikiyatri Uzman\u0131 Prof. Dr. Kemal Ar\u0131kan","article_modified_time":"2021-04-14T10:37:01+00:00","og_image":[{"width":1280,"height":720,"url":"https:\/\/www.kemalarikan.com\/wp-content\/uploads\/2022\/04\/prof-dr-kemal-arikan-psikiyatrist.jpg","type":"image\/jpeg"}],"twitter_card":"summary_large_image","twitter_site":"@mkemalarikan","schema":{"@context":"https:\/\/schema.org","@graph":[{"@type":"WebPage","@id":"https:\/\/www.kemalarikan.com\/ar\/tarikhuna","url":"https:\/\/www.kemalarikan.com\/ar\/tarikhuna","name":"\u062a\u0627\u0631\u064a\u062e\u0646\u0627 \u0627\u0644\u0634\u062e\u0635\u064a - Psikiyatri Uzman\u0131 Prof. Dr. Kemal Ar\u0131kan","isPartOf":{"@id":"https:\/\/www.kemalarikan.com\/#website"},"datePublished":"2011-01-18T09:59:10+00:00","dateModified":"2021-04-14T10:37:01+00:00","description":"\u0645\u0646 2017 \u0648\u062d\u062a\u0649 \u0627\u0644\u0622\u0646 : \u0631\u0626\u064a\u0633 \u0645\u062c\u0644\u0633 \u0627\u0644\u0642\u064a\u0645 \u0648\u0623\u062e\u0644\u0627\u0642\u064a\u0627\u062a \u0627\u0644\u0628\u062d\u062b \u0627\u0644\u0625\u0643\u0644\u064a\u0646\u064a\u0643\u064a \u0644\u062f\u0649 \u062c\u0627\u0645\u0639\u0629 \u0623\u0648\u0633\u0643\u0648\u062f\u0627\u0631 \u0645\u0646 2005 \u0648\u062d\u062a\u0649 2011 : \u0631\u0626\u064a\u0633 \u0641\u0631\u0639 \u0627\u0644\u0637\u0628 \u0627\u0644\u0646\u0641\u0633\u064a - \u0642\u0633\u0645 \u0627\u0644\u062a\u0648\u0627\u0635\u0644 \u0648\u0627\u0644\u0627\u0633\u062a\u0634\u0627\u0631\u0627\u062a","breadcrumb":{"@id":"https:\/\/www.kemalarikan.com\/ar\/tarikhuna#breadcrumb"},"inLanguage":"ar","potentialAction":[{"@type":"ReadAction","target":["https:\/\/www.kemalarikan.com\/ar\/tarikhuna"]}]},{"@type":"BreadcrumbList","@id":"https:\/\/www.kemalarikan.com\/ar\/tarikhuna#breadcrumb","itemListElement":[{"@type":"ListItem","position":1,"name":"","item":"https:\/\/www.kemalarikan.com\/"},{"@type":"ListItem","position":2,"name":"\u062a\u0627\u0631\u064a\u062e\u0646\u0627 \u0627\u0644\u0634\u062e\u0635\u064a"}]},{"@type":"WebSite","@id":"https:\/\/www.kemalarikan.com\/#website","url":"https:\/\/www.kemalarikan.com\/","name":"Psikiyatri Uzman\u0131 Prof. Dr. Kemal Ar\u0131kan","description":"Psikiyatri Uzman\u0131 Prof. Dr. Kemal Ar\u0131kan&#039;\u0131n yaz\u0131lar\u0131, makaleleri, yay\u0131nlar\u0131 ve videolar\u0131n\u0131n yay\u0131nland\u0131\u011f\u0131 ki\u015fisel internet sitesi","publisher":{"@id":"https:\/\/www.kemalarikan.com\/#\/schema\/person\/ed5846493e944ac3b050dff36772fdc8"},"potentialAction":[{"@type":"SearchAction","target":{"@type":"EntryPoint","urlTemplate":"https:\/\/www.kemalarikan.com\/?s={search_term_string}"},"query-input":{"@type":"PropertyValueSpecification","valueRequired":true,"valueName":"search_term_string"}}],"inLanguage":"ar"},{"@type":["Person","Organization"],"@id":"https:\/\/www.kemalarikan.com\/#\/schema\/person\/ed5846493e944ac3b050dff36772fdc8","name":"Kemal Ar\u0131kan","image":{"@type":"ImageObject","inLanguage":"ar","@id":"https:\/\/www.kemalarikan.com\/#\/schema\/person\/image\/","url":"https:\/\/www.kemalarikan.com\/wp-content\/uploads\/2022\/04\/prof-dr-kemal-arikan-psikiyatrist.jpg","contentUrl":"https:\/\/www.kemalarikan.com\/wp-content\/uploads\/2022\/04\/prof-dr-kemal-arikan-psikiyatrist.jpg","width":1280,"height":720,"caption":"Kemal Ar\u0131kan"},"logo":{"@id":"https:\/\/www.kemalarikan.com\/#\/schema\/person\/image\/"},"sameAs":["https:\/\/www.kemalarikan.com\/"]}]}},"_links":{"self":[{"href":"https:\/\/www.kemalarikan.com\/ar\/wp-json\/wp\/v2\/pages\/1845","targetHints":{"allow":["GET"]}}],"collection":[{"href":"https:\/\/www.kemalarikan.com\/ar\/wp-json\/wp\/v2\/pages"}],"about":[{"href":"https:\/\/www.kemalarikan.com\/ar\/wp-json\/wp\/v2\/types\/page"}],"author":[{"embeddable":true,"href":"https:\/\/www.kemalarikan.com\/ar\/wp-json\/wp\/v2\/users\/5"}],"replies":[{"embeddable":true,"href":"https:\/\/www.kemalarikan.com\/ar\/wp-json\/wp\/v2\/comments?post=1845"}],"version-history":[{"count":0,"href":"https:\/\/www.kemalarikan.com\/ar\/wp-json\/wp\/v2\/pages\/1845\/revisions"}],"wp:attachment":[{"href":"https:\/\/www.kemalarikan.com\/ar\/wp-json\/wp\/v2\/media?parent=1845"}],"curies":[{"name":"wp","href":"https:\/\/api.w.org\/{rel}","templated":true}]}}