{"id":2266,"date":"2020-10-05T16:37:29","date_gmt":"2020-10-05T13:37:29","guid":{"rendered":"https:\/\/www.kemalarikan.com\/ayin-yayini"},"modified":"2023-11-29T12:47:45","modified_gmt":"2023-11-29T09:47:45","slug":"publication-of-the-month","status":"publish","type":"page","link":"https:\/\/www.kemalarikan.com\/en\/publication-of-the-month","title":{"rendered":"Publication of the Month"},"content":{"rendered":"<blockquote class=\"pub-of-month\">\n<h4 class=\"home-widget-title-2\">REM parameters in drug-free major depressive disorder: A systematic review and meta-analysis<\/h4>\n<p><strong>Abstract:<\/strong> Previous studies revealed that rapid eye movement (REM) parameters, such as REM latency (RL) and REM density (RD) could be used as electrophysiological markers of depression. Yet these finding should be re-tested in a comorbid-free and drug-free sample.<\/p>\n<p><strong>Objectives:<\/strong>The present systematic review and meta-analysis was conducted to investigate whether drug-free and comorbid-free patients with unipolar depression differentiate from controls with respect to the RL and RD.<\/p>\n<p><strong>Methods:<\/strong> The PubMed and Web of Science databases were screened from inception to 23 January 2023 for case-control studies comparing RL and RD of patients with unipolar depression and controls. The primary outcome was the standard mean difference. The data were fitted with a random-effects model. Metaregressions were conducted to investigate patient characteristics and effect size. Publication bias assessment was checked by Egger\u2019s Regression and funnel plot asymmetry.<\/p>\n<p><strong>Results:<\/strong>Among 43 articles accepted as eligible, 46 RL and 22 RD measurements were included in the meta-analysis. The results indicated shortened RL and increased RD in the patient group than controls. Neither Egger\u2019s regression nor funnel plot asymmetry were significant for publication bias.<\/p>\n<p><strong>Conclusions:<\/strong> In conclusion, our results tested within drug-free and comorbid-free samples are in line with the literature.<\/p>\n<p><a class=\"doc-pdf\" href=\"\/wp-content\/uploads\/2023\/11\/rem-depression-meta.pdf\" target=\"_blank\" rel=\"noopener\">*** Mehmet K. Ar\u0131kan, Omer Uysal, Saakir G\u0131ca, Ozden Orhan, Reyhan \u0130lhan, Muhammed T. Esmeray, Hasan Bakay, Bar\u0131\u015f Metin, Oliver Pogarell, \u015eenol Turan. REM parameters in drug-free major depressive disorder: A systematic review and meta-analysis. Sleep Medicine Reviews 73 (2024) 101876.<\/a>\n<\/p><\/blockquote>\n","protected":false},"excerpt":{"rendered":"<p>REM parameters in drug-free major depressive disorder: A systematic review and meta-analysis Abstract: Previous studies revealed that rapid eye movement (REM) parameters, such as REM latency (RL) and REM density (RD) could be used as electrophysiological markers of depression. Yet these finding should be re-tested in a comorbid-free and drug-free sample. Objectives:The present systematic review [&hellip;]<\/p>\n","protected":false},"author":2,"featured_media":0,"parent":0,"menu_order":0,"comment_status":"closed","ping_status":"closed","template":"","meta":{"_acf_changed":false,"footnotes":""},"class_list":["post-2266","page","type-page","status-publish","hentry"],"acf":[],"yoast_head":"<!-- This site is optimized with the Yoast SEO plugin v27.1.1 - https:\/\/yoast.com\/product\/yoast-seo-wordpress\/ -->\n<title>Publication of the Month - Psychiatrist Prof. Dr. Kemal Ar\u0131kan<\/title>\n<meta name=\"description\" content=\"REM parameters in drug-free major depressive disorder: A systematic review and meta-analysis Abstract: Previous studies revealed that rapid eye movement\" \/>\n<meta name=\"robots\" content=\"index, follow, max-snippet:-1, max-image-preview:large, max-video-preview:-1\" \/>\n<link rel=\"canonical\" href=\"https:\/\/www.kemalarikan.com\/en\/publication-of-the-month\" \/>\n<meta property=\"og:locale\" content=\"en_US\" \/>\n<meta property=\"og:type\" content=\"article\" \/>\n<meta property=\"og:title\" content=\"Publication of the Month - Psychiatrist Prof. Dr. Kemal Ar\u0131kan\" \/>\n<meta property=\"og:description\" content=\"REM parameters in drug-free major depressive disorder: A systematic review and meta-analysis Abstract: Previous studies revealed that rapid eye movement\" \/>\n<meta property=\"og:url\" content=\"https:\/\/www.kemalarikan.com\/en\/publication-of-the-month\" \/>\n<meta property=\"og:site_name\" content=\"Psychiatrist Prof. Dr. Kemal Ar\u0131kan\" \/>\n<meta property=\"article:modified_time\" content=\"2023-11-29T09:47:45+00:00\" \/>\n<meta property=\"og:image\" content=\"https:\/\/www.kemalarikan.com\/wp-content\/uploads\/2022\/04\/prof-dr-kemal-arikan-psikiyatrist.jpg\" \/>\n\t<meta property=\"og:image:width\" content=\"1280\" \/>\n\t<meta property=\"og:image:height\" content=\"720\" \/>\n\t<meta property=\"og:image:type\" content=\"image\/jpeg\" \/>\n<meta name=\"twitter:card\" content=\"summary_large_image\" \/>\n<meta name=\"twitter:site\" content=\"@mkemalarikan\" \/>\n<!-- \/ Yoast SEO plugin. -->","yoast_head_json":{"title":"Publication of the Month - Psychiatrist Prof. Dr. Kemal Ar\u0131kan","description":"REM parameters in drug-free major depressive disorder: A systematic review and meta-analysis Abstract: Previous studies revealed that rapid eye movement","robots":{"index":"index","follow":"follow","max-snippet":"max-snippet:-1","max-image-preview":"max-image-preview:large","max-video-preview":"max-video-preview:-1"},"canonical":"https:\/\/www.kemalarikan.com\/en\/publication-of-the-month","og_locale":"en_US","og_type":"article","og_title":"Publication of the Month - Psychiatrist Prof. Dr. Kemal Ar\u0131kan","og_description":"REM parameters in drug-free major depressive disorder: A systematic review and meta-analysis Abstract: Previous studies revealed that rapid eye movement","og_url":"https:\/\/www.kemalarikan.com\/en\/publication-of-the-month","og_site_name":"Psychiatrist Prof. Dr. Kemal Ar\u0131kan","article_modified_time":"2023-11-29T09:47:45+00:00","og_image":[{"width":1280,"height":720,"url":"https:\/\/www.kemalarikan.com\/wp-content\/uploads\/2022\/04\/prof-dr-kemal-arikan-psikiyatrist.jpg","type":"image\/jpeg"}],"twitter_card":"summary_large_image","twitter_site":"@mkemalarikan","schema":{"@context":"https:\/\/schema.org","@graph":[{"@type":"WebPage","@id":"https:\/\/www.kemalarikan.com\/en\/publication-of-the-month","url":"https:\/\/www.kemalarikan.com\/en\/publication-of-the-month","name":"Publication of the Month - Psychiatrist Prof. Dr. Kemal Ar\u0131kan","isPartOf":{"@id":"https:\/\/www.kemalarikan.com\/#website"},"datePublished":"2020-10-05T13:37:29+00:00","dateModified":"2023-11-29T09:47:45+00:00","description":"REM parameters in drug-free major depressive disorder: A systematic review and meta-analysis Abstract: Previous studies revealed that rapid eye movement","breadcrumb":{"@id":"https:\/\/www.kemalarikan.com\/en\/publication-of-the-month#breadcrumb"},"inLanguage":"en-US","potentialAction":[{"@type":"ReadAction","target":["https:\/\/www.kemalarikan.com\/en\/publication-of-the-month"]}]},{"@type":"BreadcrumbList","@id":"https:\/\/www.kemalarikan.com\/en\/publication-of-the-month#breadcrumb","itemListElement":[{"@type":"ListItem","position":1,"name":"","item":"https:\/\/www.kemalarikan.com\/"},{"@type":"ListItem","position":2,"name":"Publication of the Month"}]},{"@type":"WebSite","@id":"https:\/\/www.kemalarikan.com\/#website","url":"https:\/\/www.kemalarikan.com\/","name":"Psychiatrist Prof. Dr. Kemal Ar\u0131kan","description":"Psychiatrist Prof. Dr. Kemal Ar\u0131kan's articles, publications and videos are published personal web site","publisher":{"@id":"https:\/\/www.kemalarikan.com\/#\/schema\/person\/3f9619a0441f34acc6eddddbb74b73ce"},"potentialAction":[{"@type":"SearchAction","target":{"@type":"EntryPoint","urlTemplate":"https:\/\/www.kemalarikan.com\/?s={search_term_string}"},"query-input":{"@type":"PropertyValueSpecification","valueRequired":true,"valueName":"search_term_string"}}],"inLanguage":"en-US"},{"@type":["Person","Organization"],"@id":"https:\/\/www.kemalarikan.com\/#\/schema\/person\/3f9619a0441f34acc6eddddbb74b73ce","name":"Kemal Ar\u0131kan","image":{"@type":"ImageObject","inLanguage":"en-US","@id":"https:\/\/www.kemalarikan.com\/#\/schema\/person\/image\/","url":"https:\/\/www.kemalarikan.com\/wp-content\/uploads\/2022\/04\/prof-dr-kemal-arikan-psikiyatrist.jpg","contentUrl":"https:\/\/www.kemalarikan.com\/wp-content\/uploads\/2022\/04\/prof-dr-kemal-arikan-psikiyatrist.jpg","width":1280,"height":720,"caption":"Kemal Ar\u0131kan"},"logo":{"@id":"https:\/\/www.kemalarikan.com\/#\/schema\/person\/image\/"},"sameAs":["https:\/\/www.kemalarikan.com\/"]}]}},"_links":{"self":[{"href":"https:\/\/www.kemalarikan.com\/en\/wp-json\/wp\/v2\/pages\/2266","targetHints":{"allow":["GET"]}}],"collection":[{"href":"https:\/\/www.kemalarikan.com\/en\/wp-json\/wp\/v2\/pages"}],"about":[{"href":"https:\/\/www.kemalarikan.com\/en\/wp-json\/wp\/v2\/types\/page"}],"author":[{"embeddable":true,"href":"https:\/\/www.kemalarikan.com\/en\/wp-json\/wp\/v2\/users\/2"}],"replies":[{"embeddable":true,"href":"https:\/\/www.kemalarikan.com\/en\/wp-json\/wp\/v2\/comments?post=2266"}],"version-history":[{"count":0,"href":"https:\/\/www.kemalarikan.com\/en\/wp-json\/wp\/v2\/pages\/2266\/revisions"}],"wp:attachment":[{"href":"https:\/\/www.kemalarikan.com\/en\/wp-json\/wp\/v2\/media?parent=2266"}],"curies":[{"name":"wp","href":"https:\/\/api.w.org\/{rel}","templated":true}]}}